{"id":119,"date":"2024-10-30T13:49:03","date_gmt":"2024-10-30T13:49:03","guid":{"rendered":"https:\/\/ddpavaje.ro\/index.php\/our-services\/"},"modified":"2025-04-02T14:12:23","modified_gmt":"2025-04-02T14:12:23","slug":"servicii","status":"publish","type":"page","link":"https:\/\/ddpavaje.ro\/index.php\/servicii\/","title":{"rendered":"Servicii"},"content":{"rendered":"\t\t<div data-elementor-type=\"wp-page\" data-elementor-id=\"119\" class=\"elementor elementor-119\">\n\t\t\t\t<div class=\"elementor-element elementor-element-25a8cae7 e-flex e-con-boxed e-con e-parent\" data-id=\"25a8cae7\" data-element_type=\"container\">\n\t\t\t\t\t<div class=\"e-con-inner\">\n\t\t<div class=\"elementor-element elementor-element-1163c694 e-con-full e-flex e-con e-child\" data-id=\"1163c694\" data-element_type=\"container\">\n\t\t\t\t<div class=\"elementor-element elementor-element-37455a3 elementor-invisible elementor-widget elementor-widget-heading\" data-id=\"37455a3\" data-element_type=\"widget\" data-settings=\"{&quot;_animation&quot;:&quot;fadeIn&quot;}\" data-widget_type=\"heading.default\">\n\t\t\t\t<div class=\"elementor-widget-container\">\n\t\t\t\t\t<h1 class=\"elementor-heading-title elementor-size-default\">Servicii<\/h1>\t\t\t\t<\/div>\n\t\t\t\t<\/div>\n\t\t\t\t<div class=\"elementor-element elementor-element-3b43db54 elementor-invisible elementor-widget elementor-widget-heading\" data-id=\"3b43db54\" data-element_type=\"widget\" data-settings=\"{&quot;_animation&quot;:&quot;fadeIn&quot;,&quot;_animation_delay&quot;:400}\" data-widget_type=\"heading.default\">\n\t\t\t\t<div class=\"elementor-widget-container\">\n\t\t\t\t\t<h2 class=\"elementor-heading-title elementor-size-default\">Oferim o gam\u0103 complet\u0103 de servicii de pavare \u0219i amenajare exterioar\u0103.<\/h2>\t\t\t\t<\/div>\n\t\t\t\t<\/div>\n\t\t\t\t<\/div>\n\t\t<div class=\"elementor-element elementor-element-1fca85c4 e-con-full e-flex e-con e-child\" data-id=\"1fca85c4\" data-element_type=\"container\" data-settings=\"{&quot;background_background&quot;:&quot;classic&quot;}\">\n\t\t\t\t<div class=\"elementor-element elementor-element-b74eca7 elementor-widget elementor-widget-text-editor\" data-id=\"b74eca7\" data-element_type=\"widget\" data-widget_type=\"text-editor.default\">\n\t\t\t\t<div class=\"elementor-widget-container\">\n\t\t\t\t\t\t\t\t\t<p>La <strong>DD Pavaje<\/strong>, oferim o gam\u0103 complet\u0103 de servicii de pavare \u0219i amenajare exterioar\u0103, adaptate at\u00e2t pentru spa\u021bii reziden\u021biale, c\u00e2t \u0219i pentru cele comerciale. Fie c\u0103 sunte\u021bi \u00een c\u0103utarea unei solu\u021bii simple \u0219i rapide sau a unui proiect personalizat \u0219i complex, suntem aici pentru a v\u0103 aduce viziunea la realitate.<\/p>\t\t\t\t\t\t\t\t<\/div>\n\t\t\t\t<\/div>\n\t\t\t\t<\/div>\n\t\t\t\t\t<\/div>\n\t\t\t\t<\/div>\n\t\t<div class=\"elementor-element elementor-element-4f8430b3 e-flex e-con-boxed e-con e-parent\" data-id=\"4f8430b3\" data-element_type=\"container\">\n\t\t\t\t\t<div class=\"e-con-inner\">\n\t\t<div class=\"elementor-element elementor-element-66c691b4 e-con-full e-flex e-con e-child\" data-id=\"66c691b4\" data-element_type=\"container\">\n\t\t<div class=\"elementor-element elementor-element-591f9b37 e-con-full e-flex e-con e-child\" data-id=\"591f9b37\" data-element_type=\"container\">\n\t\t\t\t<div class=\"elementor-element elementor-element-16fa52b6 elementor-widget elementor-widget-heading\" data-id=\"16fa52b6\" data-element_type=\"widget\" data-widget_type=\"heading.default\">\n\t\t\t\t<div class=\"elementor-widget-container\">\n\t\t\t\t\t<h2 class=\"elementor-heading-title elementor-size-default\">Montaj de Pavaje<\/h2>\t\t\t\t<\/div>\n\t\t\t\t<\/div>\n\t\t\t\t<div class=\"elementor-element elementor-element-44dfc547 elementor-widget-divider--view-line elementor-widget elementor-widget-divider\" data-id=\"44dfc547\" data-element_type=\"widget\" data-widget_type=\"divider.default\">\n\t\t\t\t<div class=\"elementor-widget-container\">\n\t\t\t\t\t\t\t<div class=\"elementor-divider\">\n\t\t\t<span class=\"elementor-divider-separator\">\n\t\t\t\t\t\t<\/span>\n\t\t<\/div>\n\t\t\t\t\t\t<\/div>\n\t\t\t\t<\/div>\n\t\t\t\t<div class=\"elementor-element elementor-element-648c5f5d elementor-widget elementor-widget-text-editor\" data-id=\"648c5f5d\" data-element_type=\"widget\" data-widget_type=\"text-editor.default\">\n\t\t\t\t<div class=\"elementor-widget-container\">\n\t\t\t\t\t\t\t\t\t<p>Asigur\u0103m montaj de pavaje pentru cur\u021bi, alei, trotuare \u0219i alte spa\u021bii exterioare, folosind materiale durabile \u0219i tehnici de instalare care garanteaz\u0103 o rezisten\u021b\u0103 \u00eendelungat\u0103. Indiferent de dimensiunile sau complexitatea proiectului, ne asigur\u0103m c\u0103 fiecare detaliu este realizat perfect.<\/p>\t\t\t\t\t\t\t\t<\/div>\n\t\t\t\t<\/div>\n\t\t\t\t<\/div>\n\t\t\t\t<\/div>\n\t\t<div class=\"elementor-element elementor-element-4a9cd723 e-con-full e-flex e-con e-child\" data-id=\"4a9cd723\" data-element_type=\"container\">\n\t\t<div class=\"elementor-element elementor-element-563ce5e0 e-con-full e-flex e-con e-child\" data-id=\"563ce5e0\" data-element_type=\"container\">\n\t\t\t\t<div class=\"elementor-element elementor-element-756f131e elementor-widget elementor-widget-heading\" data-id=\"756f131e\" data-element_type=\"widget\" data-widget_type=\"heading.default\">\n\t\t\t\t<div class=\"elementor-widget-container\">\n\t\t\t\t\t<h2 class=\"elementor-heading-title elementor-size-default\">Agregate<\/h2>\t\t\t\t<\/div>\n\t\t\t\t<\/div>\n\t\t\t\t<div class=\"elementor-element elementor-element-1c43de5b elementor-widget-divider--view-line elementor-widget elementor-widget-divider\" data-id=\"1c43de5b\" data-element_type=\"widget\" data-widget_type=\"divider.default\">\n\t\t\t\t<div class=\"elementor-widget-container\">\n\t\t\t\t\t\t\t<div class=\"elementor-divider\">\n\t\t\t<span class=\"elementor-divider-separator\">\n\t\t\t\t\t\t<\/span>\n\t\t<\/div>\n\t\t\t\t\t\t<\/div>\n\t\t\t\t<\/div>\n\t\t\t\t<div class=\"elementor-element elementor-element-130cb5b5 elementor-widget elementor-widget-text-editor\" data-id=\"130cb5b5\" data-element_type=\"widget\" data-widget_type=\"text-editor.default\">\n\t\t\t\t<div class=\"elementor-widget-container\">\n\t\t\t\t\t\t\t\t\t<p>\ud83d\udd39 Nisip \u2013 Granula\u021bie 0-4 mm, \ud83d\udd39 Balast Compactabil \u2013 Amestec de pietri\u0219 \u0219i nisip, perfect pentru funda\u021bii \u0219i terasamente \ud83d\udd39 Pietri\u0219 \u2013 Disponibil \u00een diverse frac\u021bii (4-8 mm, 8-16 mm, 16-32 mm, 32-63 mm), utilizat \u00een betoane, drumuri \u0219i drenaje<\/p>\t\t\t\t\t\t\t\t<\/div>\n\t\t\t\t<\/div>\n\t\t\t\t<\/div>\n\t\t\t\t<\/div>\n\t\t<div class=\"elementor-element elementor-element-527f3161 e-con-full e-flex e-con e-child\" data-id=\"527f3161\" data-element_type=\"container\">\n\t\t<div class=\"elementor-element elementor-element-2793d952 e-con-full e-flex e-con e-child\" data-id=\"2793d952\" data-element_type=\"container\">\n\t\t\t\t<div class=\"elementor-element elementor-element-70b46773 elementor-widget elementor-widget-heading\" data-id=\"70b46773\" data-element_type=\"widget\" data-widget_type=\"heading.default\">\n\t\t\t\t<div class=\"elementor-widget-container\">\n\t\t\t\t\t<h2 class=\"elementor-heading-title elementor-size-default\">servicii de excav\u0103ri \u0219i produse rezultate<\/h2>\t\t\t\t<\/div>\n\t\t\t\t<\/div>\n\t\t\t\t<div class=\"elementor-element elementor-element-342d3419 elementor-widget-divider--view-line elementor-widget elementor-widget-divider\" data-id=\"342d3419\" data-element_type=\"widget\" data-widget_type=\"divider.default\">\n\t\t\t\t<div class=\"elementor-widget-container\">\n\t\t\t\t\t\t\t<div class=\"elementor-divider\">\n\t\t\t<span class=\"elementor-divider-separator\">\n\t\t\t\t\t\t<\/span>\n\t\t<\/div>\n\t\t\t\t\t\t<\/div>\n\t\t\t\t<\/div>\n\t\t\t\t<div class=\"elementor-element elementor-element-58ece96a elementor-widget elementor-widget-text-editor\" data-id=\"58ece96a\" data-element_type=\"widget\" data-widget_type=\"text-editor.default\">\n\t\t\t\t<div class=\"elementor-widget-container\">\n\t\t\t\t\t\t\t\t\t<p>Echipa&nbsp; noast\u0103 ofer\u0103 servicii de excava\u021bii cu&nbsp; solu\u021bii complete pentru orice tip de lucrare de terasamente, construc\u021bii \u0219i preg\u0103tire a terenurilor.&nbsp; De asemenea oferim la cerere produse rezultate \u00een urma excavarii \u0219i transportul acestora.&nbsp;<\/p>\t\t\t\t\t\t\t\t<\/div>\n\t\t\t\t<\/div>\n\t\t\t\t<\/div>\n\t\t\t\t<\/div>\n\t\t<div class=\"elementor-element elementor-element-225a89b7 e-con-full e-flex e-con e-child\" data-id=\"225a89b7\" data-element_type=\"container\">\n\t\t<div class=\"elementor-element elementor-element-328b7604 e-con-full e-flex e-con e-child\" data-id=\"328b7604\" data-element_type=\"container\">\n\t\t\t\t<div class=\"elementor-element elementor-element-308e302f elementor-widget elementor-widget-heading\" data-id=\"308e302f\" data-element_type=\"widget\" data-widget_type=\"heading.default\">\n\t\t\t\t<div class=\"elementor-widget-container\">\n\t\t\t\t\t<h2 class=\"elementor-heading-title elementor-size-default\">Reabilitarea \u0219i \u00centre\u021binerea Pavajelor<\/h2>\t\t\t\t<\/div>\n\t\t\t\t<\/div>\n\t\t\t\t<div class=\"elementor-element elementor-element-1777d4ea elementor-widget-divider--view-line elementor-widget elementor-widget-divider\" data-id=\"1777d4ea\" data-element_type=\"widget\" data-widget_type=\"divider.default\">\n\t\t\t\t<div class=\"elementor-widget-container\">\n\t\t\t\t\t\t\t<div class=\"elementor-divider\">\n\t\t\t<span class=\"elementor-divider-separator\">\n\t\t\t\t\t\t<\/span>\n\t\t<\/div>\n\t\t\t\t\t\t<\/div>\n\t\t\t\t<\/div>\n\t\t\t\t<div class=\"elementor-element elementor-element-76a40580 elementor-widget elementor-widget-text-editor\" data-id=\"76a40580\" data-element_type=\"widget\" data-widget_type=\"text-editor.default\">\n\t\t\t\t<div class=\"elementor-widget-container\">\n\t\t\t\t\t\t\t\t\t<p>Pentru pavajele existente care au nevoie de repara\u021bii sau \u00eentre\u021binere, oferim solu\u021bii profesionale care asigur\u0103 un aspect nou \u0219i o durabilitate crescut\u0103 \u00een timp.<\/p>\t\t\t\t\t\t\t\t<\/div>\n\t\t\t\t<\/div>\n\t\t\t\t<\/div>\n\t\t\t\t<\/div>\n\t\t\t\t\t<\/div>\n\t\t\t\t<\/div>\n\t\t<div class=\"elementor-element elementor-element-72365be8 e-flex e-con-boxed e-con e-parent\" data-id=\"72365be8\" data-element_type=\"container\">\n\t\t\t\t\t<div class=\"e-con-inner\">\n\t\t<div class=\"elementor-element elementor-element-2e8b6a95 e-con-full e-flex e-con e-child\" data-id=\"2e8b6a95\" data-element_type=\"container\">\n\t\t\t\t<div class=\"elementor-element elementor-element-5f8f5ed9 elementor-widget elementor-widget-heading\" data-id=\"5f8f5ed9\" data-element_type=\"widget\" data-widget_type=\"heading.default\">\n\t\t\t\t<div class=\"elementor-widget-container\">\n\t\t\t\t\t<h6 class=\"elementor-heading-title elementor-size-default\">beneficiu \/ caracteristic\u0103<\/h6>\t\t\t\t<\/div>\n\t\t\t\t<\/div>\n\t\t\t\t<div class=\"elementor-element elementor-element-5731af1d elementor-widget elementor-widget-heading\" data-id=\"5731af1d\" data-element_type=\"widget\" data-widget_type=\"heading.default\">\n\t\t\t\t<div class=\"elementor-widget-container\">\n\t\t\t\t\t<h2 class=\"elementor-heading-title elementor-size-default\">Oferte<\/h2>\t\t\t\t<\/div>\n\t\t\t\t<\/div>\n\t\t\t\t<div class=\"elementor-element elementor-element-5a5cd79a elementor-widget__width-initial elementor-widget-mobile__width-inherit elementor-widget elementor-widget-text-editor\" data-id=\"5a5cd79a\" data-element_type=\"widget\" data-widget_type=\"text-editor.default\">\n\t\t\t\t<div class=\"elementor-widget-container\">\n\t\t\t\t\t\t\t\t\t<p><strong>Contacta\u021bi-ne ast\u0103zi<\/strong> pentru a discuta detaliile proiectului dumneavoastr\u0103 \u0219i pentru a primi o ofert\u0103 personalizat\u0103! Indiferent de cerin\u021be, DD Pavaje este partenerul de \u00eencredere \u00een realizarea amenaj\u0103rii exterioare perfecte.<\/p>\t\t\t\t\t\t\t\t<\/div>\n\t\t\t\t<\/div>\n\t\t\t\t<div class=\"elementor-element elementor-element-4ad17274 elementor-tablet-align-center elementor-invisible elementor-widget elementor-widget-button\" data-id=\"4ad17274\" data-element_type=\"widget\" data-settings=\"{&quot;_animation&quot;:&quot;fadeIn&quot;}\" data-widget_type=\"button.default\">\n\t\t\t\t<div class=\"elementor-widget-container\">\n\t\t\t\t\t\t\t\t\t<div class=\"elementor-button-wrapper\">\n\t\t\t\t\t<a class=\"elementor-button elementor-button-link elementor-size-sm\" href=\"https:\/\/ddpavaje.ro\/index.php\/contact\/\">\n\t\t\t\t\t\t<span class=\"elementor-button-content-wrapper\">\n\t\t\t\t\t\t\t\t\t<span class=\"elementor-button-text\">Contact<\/span>\n\t\t\t\t\t<\/span>\n\t\t\t\t\t<\/a>\n\t\t\t\t<\/div>\n\t\t\t\t\t\t\t\t<\/div>\n\t\t\t\t<\/div>\n\t\t\t\t<\/div>\n\t\t<div class=\"elementor-element elementor-element-14433871 e-con-full e-flex e-con e-child\" data-id=\"14433871\" data-element_type=\"container\" data-settings=\"{&quot;background_background&quot;:&quot;classic&quot;}\">\n\t\t\t\t<div class=\"elementor-element elementor-element-3f7925dc elementor-widget elementor-widget-image\" data-id=\"3f7925dc\" data-element_type=\"widget\" data-widget_type=\"image.default\">\n\t\t\t\t<div class=\"elementor-widget-container\">\n\t\t\t\t\t\t\t\t\t\t\t\t\t\t\t<img fetchpriority=\"high\" decoding=\"async\" width=\"720\" height=\"960\" src=\"https:\/\/ddpavaje.ro\/wp-content\/uploads\/2024\/11\/p10.jpg\" class=\"attachment-full size-full wp-image-349\" alt=\"\" srcset=\"https:\/\/ddpavaje.ro\/wp-content\/uploads\/2024\/11\/p10.jpg 720w, https:\/\/ddpavaje.ro\/wp-content\/uploads\/2024\/11\/p10-225x300.jpg 225w, https:\/\/ddpavaje.ro\/wp-content\/uploads\/2024\/11\/p10-600x800.jpg 600w\" sizes=\"(max-width: 720px) 100vw, 720px\" \/>\t\t\t\t\t\t\t\t\t\t\t\t\t\t\t<\/div>\n\t\t\t\t<\/div>\n\t\t\t\t<div class=\"elementor-element elementor-element-5fef894 elementor-widget elementor-widget-image\" data-id=\"5fef894\" data-element_type=\"widget\" data-widget_type=\"image.default\">\n\t\t\t\t<div class=\"elementor-widget-container\">\n\t\t\t\t\t\t\t\t\t\t\t\t\t\t\t<img decoding=\"async\" width=\"960\" height=\"720\" src=\"https:\/\/ddpavaje.ro\/wp-content\/uploads\/2024\/11\/307084351_3376897165874687_5398778854935320426_n.jpg\" class=\"attachment-full size-full wp-image-310\" alt=\"\" srcset=\"https:\/\/ddpavaje.ro\/wp-content\/uploads\/2024\/11\/307084351_3376897165874687_5398778854935320426_n.jpg 960w, https:\/\/ddpavaje.ro\/wp-content\/uploads\/2024\/11\/307084351_3376897165874687_5398778854935320426_n-300x225.jpg 300w, https:\/\/ddpavaje.ro\/wp-content\/uploads\/2024\/11\/307084351_3376897165874687_5398778854935320426_n-768x576.jpg 768w, https:\/\/ddpavaje.ro\/wp-content\/uploads\/2024\/11\/307084351_3376897165874687_5398778854935320426_n-600x450.jpg 600w\" sizes=\"(max-width: 960px) 100vw, 960px\" \/>\t\t\t\t\t\t\t\t\t\t\t\t\t\t\t<\/div>\n\t\t\t\t<\/div>\n\t\t\t\t<\/div>\n\t\t\t\t\t<\/div>\n\t\t\t\t<\/div>\n\t\t\t\t<\/div>\n\t\t","protected":false},"excerpt":{"rendered":"<p>Servicii Oferim o gam\u0103 complet\u0103 de servicii de pavare \u0219i amenajare exterioar\u0103. La DD Pavaje, oferim o gam\u0103 complet\u0103 de servicii de pavare \u0219i amenajare exterioar\u0103, adaptate at\u00e2t pentru spa\u021bii reziden\u021biale, c\u00e2t \u0219i pentru cele comerciale. Fie c\u0103 sunte\u021bi \u00een c\u0103utarea unei solu\u021bii simple \u0219i rapide sau a unui proiect personalizat \u0219i complex, suntem aici [&hellip;]<\/p>\n","protected":false},"author":1,"featured_media":0,"parent":0,"menu_order":0,"comment_status":"closed","ping_status":"closed","template":"elementor_header_footer","meta":{"footnotes":""},"class_list":["post-119","page","type-page","status-publish","hentry"],"yoast_head":"<!-- This site is optimized with the Yoast SEO plugin v24.5 - https:\/\/yoast.com\/wordpress\/plugins\/seo\/ -->\n<title>Servicii - D&amp;D Pavaje<\/title>\n<meta name=\"robots\" content=\"index, follow, max-snippet:-1, max-image-preview:large, max-video-preview:-1\" \/>\n<link rel=\"canonical\" href=\"https:\/\/ddpavaje.ro\/index.php\/servicii\/\" \/>\n<meta property=\"og:locale\" content=\"ro_RO\" \/>\n<meta property=\"og:type\" content=\"article\" \/>\n<meta property=\"og:title\" content=\"Servicii - D&amp;D Pavaje\" \/>\n<meta property=\"og:description\" content=\"Servicii Oferim o gam\u0103 complet\u0103 de servicii de pavare \u0219i amenajare exterioar\u0103. La DD Pavaje, oferim o gam\u0103 complet\u0103 de servicii de pavare \u0219i amenajare exterioar\u0103, adaptate at\u00e2t pentru spa\u021bii reziden\u021biale, c\u00e2t \u0219i pentru cele comerciale. Fie c\u0103 sunte\u021bi \u00een c\u0103utarea unei solu\u021bii simple \u0219i rapide sau a unui proiect personalizat \u0219i complex, suntem aici [&hellip;]\" \/>\n<meta property=\"og:url\" content=\"https:\/\/ddpavaje.ro\/index.php\/servicii\/\" \/>\n<meta property=\"og:site_name\" content=\"D&amp;D Pavaje\" \/>\n<meta property=\"article:modified_time\" content=\"2025-04-02T14:12:23+00:00\" \/>\n<meta property=\"og:image\" content=\"https:\/\/ddpavaje.ro\/wp-content\/uploads\/2024\/11\/p10.jpg\" \/>\n\t<meta property=\"og:image:width\" content=\"720\" \/>\n\t<meta property=\"og:image:height\" content=\"960\" \/>\n\t<meta property=\"og:image:type\" content=\"image\/jpeg\" \/>\n<meta name=\"twitter:card\" content=\"summary_large_image\" \/>\n<meta name=\"twitter:label1\" content=\"Timp estimat pentru citire\" \/>\n\t<meta name=\"twitter:data1\" content=\"3 minute\" \/>\n<script type=\"application\/ld+json\" class=\"yoast-schema-graph\">{\"@context\":\"https:\/\/schema.org\",\"@graph\":[{\"@type\":\"WebPage\",\"@id\":\"https:\/\/ddpavaje.ro\/index.php\/servicii\/\",\"url\":\"https:\/\/ddpavaje.ro\/index.php\/servicii\/\",\"name\":\"Servicii - D&amp;D Pavaje\",\"isPartOf\":{\"@id\":\"https:\/\/ddpavaje.ro\/#website\"},\"primaryImageOfPage\":{\"@id\":\"https:\/\/ddpavaje.ro\/index.php\/servicii\/#primaryimage\"},\"image\":{\"@id\":\"https:\/\/ddpavaje.ro\/index.php\/servicii\/#primaryimage\"},\"thumbnailUrl\":\"https:\/\/ddpavaje.ro\/wp-content\/uploads\/2024\/11\/p10.jpg\",\"datePublished\":\"2024-10-30T13:49:03+00:00\",\"dateModified\":\"2025-04-02T14:12:23+00:00\",\"breadcrumb\":{\"@id\":\"https:\/\/ddpavaje.ro\/index.php\/servicii\/#breadcrumb\"},\"inLanguage\":\"ro-RO\",\"potentialAction\":[{\"@type\":\"ReadAction\",\"target\":[\"https:\/\/ddpavaje.ro\/index.php\/servicii\/\"]}]},{\"@type\":\"ImageObject\",\"inLanguage\":\"ro-RO\",\"@id\":\"https:\/\/ddpavaje.ro\/index.php\/servicii\/#primaryimage\",\"url\":\"https:\/\/ddpavaje.ro\/wp-content\/uploads\/2024\/11\/p10.jpg\",\"contentUrl\":\"https:\/\/ddpavaje.ro\/wp-content\/uploads\/2024\/11\/p10.jpg\",\"width\":720,\"height\":960},{\"@type\":\"BreadcrumbList\",\"@id\":\"https:\/\/ddpavaje.ro\/index.php\/servicii\/#breadcrumb\",\"itemListElement\":[{\"@type\":\"ListItem\",\"position\":1,\"name\":\"Prima pagin\u0103\",\"item\":\"https:\/\/ddpavaje.ro\/\"},{\"@type\":\"ListItem\",\"position\":2,\"name\":\"Servicii\"}]},{\"@type\":\"WebSite\",\"@id\":\"https:\/\/ddpavaje.ro\/#website\",\"url\":\"https:\/\/ddpavaje.ro\/\",\"name\":\"D&amp;D Pavaje\",\"description\":\"Pavaje Borduri Alei\",\"publisher\":{\"@id\":\"https:\/\/ddpavaje.ro\/#organization\"},\"potentialAction\":[{\"@type\":\"SearchAction\",\"target\":{\"@type\":\"EntryPoint\",\"urlTemplate\":\"https:\/\/ddpavaje.ro\/?s={search_term_string}\"},\"query-input\":{\"@type\":\"PropertyValueSpecification\",\"valueRequired\":true,\"valueName\":\"search_term_string\"}}],\"inLanguage\":\"ro-RO\"},{\"@type\":\"Organization\",\"@id\":\"https:\/\/ddpavaje.ro\/#organization\",\"name\":\"D&amp;D Pavaje\",\"url\":\"https:\/\/ddpavaje.ro\/\",\"logo\":{\"@type\":\"ImageObject\",\"inLanguage\":\"ro-RO\",\"@id\":\"https:\/\/ddpavaje.ro\/#\/schema\/logo\/image\/\",\"url\":\"https:\/\/ddpavaje.ro\/wp-content\/uploads\/2024\/10\/cropped-logo1.png\",\"contentUrl\":\"https:\/\/ddpavaje.ro\/wp-content\/uploads\/2024\/10\/cropped-logo1.png\",\"width\":377,\"height\":70,\"caption\":\"D&amp;D Pavaje\"},\"image\":{\"@id\":\"https:\/\/ddpavaje.ro\/#\/schema\/logo\/image\/\"}}]}<\/script>\n<!-- \/ Yoast SEO plugin. -->","yoast_head_json":{"title":"Servicii - D&amp;D Pavaje","robots":{"index":"index","follow":"follow","max-snippet":"max-snippet:-1","max-image-preview":"max-image-preview:large","max-video-preview":"max-video-preview:-1"},"canonical":"https:\/\/ddpavaje.ro\/index.php\/servicii\/","og_locale":"ro_RO","og_type":"article","og_title":"Servicii - D&amp;D Pavaje","og_description":"Servicii Oferim o gam\u0103 complet\u0103 de servicii de pavare \u0219i amenajare exterioar\u0103. La DD Pavaje, oferim o gam\u0103 complet\u0103 de servicii de pavare \u0219i amenajare exterioar\u0103, adaptate at\u00e2t pentru spa\u021bii reziden\u021biale, c\u00e2t \u0219i pentru cele comerciale. Fie c\u0103 sunte\u021bi \u00een c\u0103utarea unei solu\u021bii simple \u0219i rapide sau a unui proiect personalizat \u0219i complex, suntem aici [&hellip;]","og_url":"https:\/\/ddpavaje.ro\/index.php\/servicii\/","og_site_name":"D&amp;D Pavaje","article_modified_time":"2025-04-02T14:12:23+00:00","og_image":[{"width":720,"height":960,"url":"https:\/\/ddpavaje.ro\/wp-content\/uploads\/2024\/11\/p10.jpg","type":"image\/jpeg"}],"twitter_card":"summary_large_image","twitter_misc":{"Timp estimat pentru citire":"3 minute"},"schema":{"@context":"https:\/\/schema.org","@graph":[{"@type":"WebPage","@id":"https:\/\/ddpavaje.ro\/index.php\/servicii\/","url":"https:\/\/ddpavaje.ro\/index.php\/servicii\/","name":"Servicii - D&amp;D Pavaje","isPartOf":{"@id":"https:\/\/ddpavaje.ro\/#website"},"primaryImageOfPage":{"@id":"https:\/\/ddpavaje.ro\/index.php\/servicii\/#primaryimage"},"image":{"@id":"https:\/\/ddpavaje.ro\/index.php\/servicii\/#primaryimage"},"thumbnailUrl":"https:\/\/ddpavaje.ro\/wp-content\/uploads\/2024\/11\/p10.jpg","datePublished":"2024-10-30T13:49:03+00:00","dateModified":"2025-04-02T14:12:23+00:00","breadcrumb":{"@id":"https:\/\/ddpavaje.ro\/index.php\/servicii\/#breadcrumb"},"inLanguage":"ro-RO","potentialAction":[{"@type":"ReadAction","target":["https:\/\/ddpavaje.ro\/index.php\/servicii\/"]}]},{"@type":"ImageObject","inLanguage":"ro-RO","@id":"https:\/\/ddpavaje.ro\/index.php\/servicii\/#primaryimage","url":"https:\/\/ddpavaje.ro\/wp-content\/uploads\/2024\/11\/p10.jpg","contentUrl":"https:\/\/ddpavaje.ro\/wp-content\/uploads\/2024\/11\/p10.jpg","width":720,"height":960},{"@type":"BreadcrumbList","@id":"https:\/\/ddpavaje.ro\/index.php\/servicii\/#breadcrumb","itemListElement":[{"@type":"ListItem","position":1,"name":"Prima pagin\u0103","item":"https:\/\/ddpavaje.ro\/"},{"@type":"ListItem","position":2,"name":"Servicii"}]},{"@type":"WebSite","@id":"https:\/\/ddpavaje.ro\/#website","url":"https:\/\/ddpavaje.ro\/","name":"D&amp;D Pavaje","description":"Pavaje Borduri Alei","publisher":{"@id":"https:\/\/ddpavaje.ro\/#organization"},"potentialAction":[{"@type":"SearchAction","target":{"@type":"EntryPoint","urlTemplate":"https:\/\/ddpavaje.ro\/?s={search_term_string}"},"query-input":{"@type":"PropertyValueSpecification","valueRequired":true,"valueName":"search_term_string"}}],"inLanguage":"ro-RO"},{"@type":"Organization","@id":"https:\/\/ddpavaje.ro\/#organization","name":"D&amp;D Pavaje","url":"https:\/\/ddpavaje.ro\/","logo":{"@type":"ImageObject","inLanguage":"ro-RO","@id":"https:\/\/ddpavaje.ro\/#\/schema\/logo\/image\/","url":"https:\/\/ddpavaje.ro\/wp-content\/uploads\/2024\/10\/cropped-logo1.png","contentUrl":"https:\/\/ddpavaje.ro\/wp-content\/uploads\/2024\/10\/cropped-logo1.png","width":377,"height":70,"caption":"D&amp;D Pavaje"},"image":{"@id":"https:\/\/ddpavaje.ro\/#\/schema\/logo\/image\/"}}]}},"jetpack_sharing_enabled":true,"_links":{"self":[{"href":"https:\/\/ddpavaje.ro\/index.php\/wp-json\/wp\/v2\/pages\/119","targetHints":{"allow":["GET"]}}],"collection":[{"href":"https:\/\/ddpavaje.ro\/index.php\/wp-json\/wp\/v2\/pages"}],"about":[{"href":"https:\/\/ddpavaje.ro\/index.php\/wp-json\/wp\/v2\/types\/page"}],"author":[{"embeddable":true,"href":"https:\/\/ddpavaje.ro\/index.php\/wp-json\/wp\/v2\/users\/1"}],"replies":[{"embeddable":true,"href":"https:\/\/ddpavaje.ro\/index.php\/wp-json\/wp\/v2\/comments?post=119"}],"version-history":[{"count":38,"href":"https:\/\/ddpavaje.ro\/index.php\/wp-json\/wp\/v2\/pages\/119\/revisions"}],"predecessor-version":[{"id":600,"href":"https:\/\/ddpavaje.ro\/index.php\/wp-json\/wp\/v2\/pages\/119\/revisions\/600"}],"wp:attachment":[{"href":"https:\/\/ddpavaje.ro\/index.php\/wp-json\/wp\/v2\/media?parent=119"}],"curies":[{"name":"wp","href":"https:\/\/api.w.org\/{rel}","templated":true}]}}