{"id":12,"date":"2024-10-30T21:51:14","date_gmt":"2024-10-30T21:51:14","guid":{"rendered":"https:\/\/ddpavaje.ro\/?page_id=12"},"modified":"2024-11-05T11:03:42","modified_gmt":"2024-11-05T11:03:42","slug":"refund_returns","status":"publish","type":"page","link":"https:\/\/ddpavaje.ro\/index.php\/refund_returns\/","title":{"rendered":"Politic\u0103 de ramburs\u0103ri \u0219i return\u0103ri"},"content":{"rendered":"<h2 class=\"wp-block-heading\"><strong>POLITIC\u0102 DE RETUR<\/strong><\/h2><p>La  DARIUS SI DAVID PAVAJE S.R.L. (ddpavaje.ro), credem c\u0103 fiecare client merit\u0103 cea mai bun\u0103 experien\u021b\u0103 posibil\u0103. \u00cen\u021belegem c\u0103 uneori, destul de des, cantitatea comandat\u0103 este mai mare dec\u00e2t cea necesar\u0103. De aceea, am creat o politic\u0103 de retur flexibil\u0103 \u0219i transparent\u0103, pentru a v\u0103 asigura c\u0103 procesul de returnare este c\u00e2t mai simplu \u0219i f\u0103r\u0103 complica\u021bii. Toate acestea respect\u0103 legisla\u021bia \u00een vigoare din Rom\u00e2nia, astfel \u00eenc\u00e2t s\u0103 pute\u021bi cump\u0103ra cu \u00eencredere.<\/p><p><strong>Termen pentru retur<\/strong><br>Conform OUG nr. 34\/2014 privind drepturile consumatorilor \u00een cadrul contractelor \u00eencheiate cu profesioni\u0219tii, produsele trebuie returnate \u00een termen de 30 de zile calendaristice de la data achizi\u021biei, \u00eens\u0103 ddpavaje.ro prelunge\u0219te, \u00een beneficiul clien\u021bilor aceast\u0103 perioad\u0103 p\u00e2n\u0103 la\u00a0<strong>maximum 365 de zile<\/strong>.<br>-Produsele trebuie sa fie nefolosite \u0219i neafectate (f\u0103r\u0103 urme de beton, noroi, mortar).<br>-Cel mai adesea majoritatea clien\u021bilor returneaz\u0103 ce au cump\u0103rat \u00een plus \u00eempreun\u0103 cu pale\u021bii goi, \u00een a\u0219a fel \u00eenc\u00e2t garan\u021bia pale\u021bilor \u0219i contravaloarea returului se factureaz\u0103 \u00eempreun\u0103.<\/p><p><strong>Procedura de retur<\/strong><br>Pur \u0219i simplu v\u0103 prezenta\u021bi cu marfa ce dori\u021bi s\u0103 o returna\u021bi direct \u00een curte la noi \u0219i persoana de la livr\u0103ri va recep\u021biona marfa \u0219i va trimite o not\u0103 departamentului v\u00e2nz\u0103ri cu cantit\u0103\u021bile returnate. Dvs. v\u0103 ve\u021bi prezenta la departamentul v\u00e2nz\u0103ri \u0219i vi se va returna suma cash sau \u00een cont, sau ve\u021bi putea achizi\u021biona altceva. Procedura dureaz\u0103 10-15 minute \u00een mod normal. Pute\u021bi face acest lucru \u0219i online, trimi\u021b\u00e2nd marfa cu un transportator, preferabil cu o not\u0103 scris\u0103 legat\u0103 de numele celui ce pred\u0103 sau cel mai bine cu o copie a bonului\/facturii\/avizului de achizi\u021bie.<br>Plata returului se face imediat \u00een cel mai scurt timp, maxim a doua zi lucr\u0103toare, \u00een cazul transferului bancar.<\/p><p><strong>Costurile de retur<\/strong><br>-Clientul este responsabil pentru costurile de transport asociate return\u0103rii produselor.<br>-\u00cen cazul \u00een care returul este rezultat dintr-o eroare a noastr\u0103 (produs defect sau incorect livrat), vom acoperi noi integral costurile de transport.<\/p><p><strong>Produse DEFECTE sau DETERIORATE\u00a0<\/strong>la transport<br>-Dac\u0103 primi\u021bi un produs defect sau deteriorat, v\u0103 rug\u0103m s\u0103 ne contacta\u021bi imediat prin email la  contact@ddpavaje.ro<br>-Vom organiza \u00eenlocuirea produsului f\u0103r\u0103 costuri suplimentare pentru dumneavoastr\u0103.<br>-La expedierea prin curier (Pallex de ex.) v\u0103 rug\u0103m s\u0103 face\u021bi recep\u021bia pale\u021bilor la desc\u0103rcare \u00eenainte de plecarea curierului \u0219i s\u0103 nu semna\u021bi procesul verbal de predare dec\u00e2t dup\u0103 ce a\u021bi verificat cantitativ \u0219i calitativ paletul\/pale\u021bii. Dac\u0103 observa\u021bi deterior\u0103ri, v\u0103 rug\u0103m s\u0103 face\u021bi poze \u0219i s\u0103 ne trimite\u021bi pe email pentru a putea stabili dac\u0103 paletul s-a deteriorat la transport sau \u00een alte condi\u021bii.<br>\u0218i \u00een acest caz v\u0103 vom trimite alt produs f\u0103r\u0103 costuri pentru dvs.<\/p><p><strong>Contact<\/strong><br>-Pentru orice \u00eentreb\u0103ri sau nel\u0103muriri privind politica noastr\u0103 de retur, v\u0103 rugam sa ne contacta\u021bi:<br>Email: contact@ddpavaje.ro<br>Adres\u0103: Dumbr\u0103vi\u0163a, nr.100A, Com.Spermezeu, Bistri\u021ba-N\u0103s\u0103ud, 427031, RO<\/p>","protected":false},"excerpt":{"rendered":"<p>POLITIC\u0102 DE RETUR La DARIUS SI DAVID PAVAJE S.R.L. (ddpavaje.ro), credem c\u0103 fiecare client merit\u0103 cea mai bun\u0103 experien\u021b\u0103 posibil\u0103. \u00cen\u021belegem c\u0103 uneori, destul de des, cantitatea comandat\u0103 este mai mare dec\u00e2t cea necesar\u0103. De aceea, am creat o politic\u0103 de retur flexibil\u0103 \u0219i transparent\u0103, pentru a v\u0103 asigura c\u0103 procesul de returnare este c\u00e2t [&hellip;]<\/p>\n","protected":false},"author":1,"featured_media":0,"parent":0,"menu_order":0,"comment_status":"closed","ping_status":"closed","template":"","meta":{"footnotes":""},"class_list":["post-12","page","type-page","status-publish","hentry"],"yoast_head":"<!-- This site is optimized with the Yoast SEO plugin v24.5 - https:\/\/yoast.com\/wordpress\/plugins\/seo\/ -->\n<title>Politic\u0103 de ramburs\u0103ri \u0219i return\u0103ri - D&amp;D Pavaje<\/title>\n<meta name=\"robots\" content=\"index, follow, max-snippet:-1, max-image-preview:large, max-video-preview:-1\" \/>\n<link rel=\"canonical\" href=\"https:\/\/ddpavaje.ro\/index.php\/refund_returns\/\" \/>\n<meta property=\"og:locale\" content=\"ro_RO\" \/>\n<meta property=\"og:type\" content=\"article\" \/>\n<meta property=\"og:title\" content=\"Politic\u0103 de ramburs\u0103ri \u0219i return\u0103ri - D&amp;D Pavaje\" \/>\n<meta property=\"og:description\" content=\"POLITIC\u0102 DE RETUR La DARIUS SI DAVID PAVAJE S.R.L. (ddpavaje.ro), credem c\u0103 fiecare client merit\u0103 cea mai bun\u0103 experien\u021b\u0103 posibil\u0103. \u00cen\u021belegem c\u0103 uneori, destul de des, cantitatea comandat\u0103 este mai mare dec\u00e2t cea necesar\u0103. De aceea, am creat o politic\u0103 de retur flexibil\u0103 \u0219i transparent\u0103, pentru a v\u0103 asigura c\u0103 procesul de returnare este c\u00e2t [&hellip;]\" \/>\n<meta property=\"og:url\" content=\"https:\/\/ddpavaje.ro\/index.php\/refund_returns\/\" \/>\n<meta property=\"og:site_name\" content=\"D&amp;D Pavaje\" \/>\n<meta property=\"article:modified_time\" content=\"2024-11-05T11:03:42+00:00\" \/>\n<meta name=\"twitter:card\" content=\"summary_large_image\" \/>\n<meta name=\"twitter:label1\" content=\"Timp estimat pentru citire\" \/>\n\t<meta name=\"twitter:data1\" content=\"3 minute\" \/>\n<script type=\"application\/ld+json\" class=\"yoast-schema-graph\">{\"@context\":\"https:\/\/schema.org\",\"@graph\":[{\"@type\":\"WebPage\",\"@id\":\"https:\/\/ddpavaje.ro\/index.php\/refund_returns\/\",\"url\":\"https:\/\/ddpavaje.ro\/index.php\/refund_returns\/\",\"name\":\"Politic\u0103 de ramburs\u0103ri \u0219i return\u0103ri - D&amp;D Pavaje\",\"isPartOf\":{\"@id\":\"https:\/\/ddpavaje.ro\/#website\"},\"datePublished\":\"2024-10-30T21:51:14+00:00\",\"dateModified\":\"2024-11-05T11:03:42+00:00\",\"breadcrumb\":{\"@id\":\"https:\/\/ddpavaje.ro\/index.php\/refund_returns\/#breadcrumb\"},\"inLanguage\":\"ro-RO\",\"potentialAction\":[{\"@type\":\"ReadAction\",\"target\":[\"https:\/\/ddpavaje.ro\/index.php\/refund_returns\/\"]}]},{\"@type\":\"BreadcrumbList\",\"@id\":\"https:\/\/ddpavaje.ro\/index.php\/refund_returns\/#breadcrumb\",\"itemListElement\":[{\"@type\":\"ListItem\",\"position\":1,\"name\":\"Prima pagin\u0103\",\"item\":\"https:\/\/ddpavaje.ro\/\"},{\"@type\":\"ListItem\",\"position\":2,\"name\":\"Politic\u0103 de ramburs\u0103ri \u0219i return\u0103ri\"}]},{\"@type\":\"WebSite\",\"@id\":\"https:\/\/ddpavaje.ro\/#website\",\"url\":\"https:\/\/ddpavaje.ro\/\",\"name\":\"D&amp;D Pavaje\",\"description\":\"Pavaje Borduri Alei\",\"publisher\":{\"@id\":\"https:\/\/ddpavaje.ro\/#organization\"},\"potentialAction\":[{\"@type\":\"SearchAction\",\"target\":{\"@type\":\"EntryPoint\",\"urlTemplate\":\"https:\/\/ddpavaje.ro\/?s={search_term_string}\"},\"query-input\":{\"@type\":\"PropertyValueSpecification\",\"valueRequired\":true,\"valueName\":\"search_term_string\"}}],\"inLanguage\":\"ro-RO\"},{\"@type\":\"Organization\",\"@id\":\"https:\/\/ddpavaje.ro\/#organization\",\"name\":\"D&amp;D Pavaje\",\"url\":\"https:\/\/ddpavaje.ro\/\",\"logo\":{\"@type\":\"ImageObject\",\"inLanguage\":\"ro-RO\",\"@id\":\"https:\/\/ddpavaje.ro\/#\/schema\/logo\/image\/\",\"url\":\"https:\/\/ddpavaje.ro\/wp-content\/uploads\/2024\/10\/cropped-logo1.png\",\"contentUrl\":\"https:\/\/ddpavaje.ro\/wp-content\/uploads\/2024\/10\/cropped-logo1.png\",\"width\":377,\"height\":70,\"caption\":\"D&amp;D Pavaje\"},\"image\":{\"@id\":\"https:\/\/ddpavaje.ro\/#\/schema\/logo\/image\/\"}}]}<\/script>\n<!-- \/ Yoast SEO plugin. -->","yoast_head_json":{"title":"Politic\u0103 de ramburs\u0103ri \u0219i return\u0103ri - D&amp;D Pavaje","robots":{"index":"index","follow":"follow","max-snippet":"max-snippet:-1","max-image-preview":"max-image-preview:large","max-video-preview":"max-video-preview:-1"},"canonical":"https:\/\/ddpavaje.ro\/index.php\/refund_returns\/","og_locale":"ro_RO","og_type":"article","og_title":"Politic\u0103 de ramburs\u0103ri \u0219i return\u0103ri - D&amp;D Pavaje","og_description":"POLITIC\u0102 DE RETUR La DARIUS SI DAVID PAVAJE S.R.L. (ddpavaje.ro), credem c\u0103 fiecare client merit\u0103 cea mai bun\u0103 experien\u021b\u0103 posibil\u0103. \u00cen\u021belegem c\u0103 uneori, destul de des, cantitatea comandat\u0103 este mai mare dec\u00e2t cea necesar\u0103. De aceea, am creat o politic\u0103 de retur flexibil\u0103 \u0219i transparent\u0103, pentru a v\u0103 asigura c\u0103 procesul de returnare este c\u00e2t [&hellip;]","og_url":"https:\/\/ddpavaje.ro\/index.php\/refund_returns\/","og_site_name":"D&amp;D Pavaje","article_modified_time":"2024-11-05T11:03:42+00:00","twitter_card":"summary_large_image","twitter_misc":{"Timp estimat pentru citire":"3 minute"},"schema":{"@context":"https:\/\/schema.org","@graph":[{"@type":"WebPage","@id":"https:\/\/ddpavaje.ro\/index.php\/refund_returns\/","url":"https:\/\/ddpavaje.ro\/index.php\/refund_returns\/","name":"Politic\u0103 de ramburs\u0103ri \u0219i return\u0103ri - D&amp;D Pavaje","isPartOf":{"@id":"https:\/\/ddpavaje.ro\/#website"},"datePublished":"2024-10-30T21:51:14+00:00","dateModified":"2024-11-05T11:03:42+00:00","breadcrumb":{"@id":"https:\/\/ddpavaje.ro\/index.php\/refund_returns\/#breadcrumb"},"inLanguage":"ro-RO","potentialAction":[{"@type":"ReadAction","target":["https:\/\/ddpavaje.ro\/index.php\/refund_returns\/"]}]},{"@type":"BreadcrumbList","@id":"https:\/\/ddpavaje.ro\/index.php\/refund_returns\/#breadcrumb","itemListElement":[{"@type":"ListItem","position":1,"name":"Prima pagin\u0103","item":"https:\/\/ddpavaje.ro\/"},{"@type":"ListItem","position":2,"name":"Politic\u0103 de ramburs\u0103ri \u0219i return\u0103ri"}]},{"@type":"WebSite","@id":"https:\/\/ddpavaje.ro\/#website","url":"https:\/\/ddpavaje.ro\/","name":"D&amp;D Pavaje","description":"Pavaje Borduri Alei","publisher":{"@id":"https:\/\/ddpavaje.ro\/#organization"},"potentialAction":[{"@type":"SearchAction","target":{"@type":"EntryPoint","urlTemplate":"https:\/\/ddpavaje.ro\/?s={search_term_string}"},"query-input":{"@type":"PropertyValueSpecification","valueRequired":true,"valueName":"search_term_string"}}],"inLanguage":"ro-RO"},{"@type":"Organization","@id":"https:\/\/ddpavaje.ro\/#organization","name":"D&amp;D Pavaje","url":"https:\/\/ddpavaje.ro\/","logo":{"@type":"ImageObject","inLanguage":"ro-RO","@id":"https:\/\/ddpavaje.ro\/#\/schema\/logo\/image\/","url":"https:\/\/ddpavaje.ro\/wp-content\/uploads\/2024\/10\/cropped-logo1.png","contentUrl":"https:\/\/ddpavaje.ro\/wp-content\/uploads\/2024\/10\/cropped-logo1.png","width":377,"height":70,"caption":"D&amp;D Pavaje"},"image":{"@id":"https:\/\/ddpavaje.ro\/#\/schema\/logo\/image\/"}}]}},"jetpack_sharing_enabled":true,"_links":{"self":[{"href":"https:\/\/ddpavaje.ro\/index.php\/wp-json\/wp\/v2\/pages\/12","targetHints":{"allow":["GET"]}}],"collection":[{"href":"https:\/\/ddpavaje.ro\/index.php\/wp-json\/wp\/v2\/pages"}],"about":[{"href":"https:\/\/ddpavaje.ro\/index.php\/wp-json\/wp\/v2\/types\/page"}],"author":[{"embeddable":true,"href":"https:\/\/ddpavaje.ro\/index.php\/wp-json\/wp\/v2\/users\/1"}],"replies":[{"embeddable":true,"href":"https:\/\/ddpavaje.ro\/index.php\/wp-json\/wp\/v2\/comments?post=12"}],"version-history":[{"count":2,"href":"https:\/\/ddpavaje.ro\/index.php\/wp-json\/wp\/v2\/pages\/12\/revisions"}],"predecessor-version":[{"id":547,"href":"https:\/\/ddpavaje.ro\/index.php\/wp-json\/wp\/v2\/pages\/12\/revisions\/547"}],"wp:attachment":[{"href":"https:\/\/ddpavaje.ro\/index.php\/wp-json\/wp\/v2\/media?parent=12"}],"curies":[{"name":"wp","href":"https:\/\/api.w.org\/{rel}","templated":true}]}}