{"id":130,"date":"2024-10-30T13:49:05","date_gmt":"2024-10-30T13:49:05","guid":{"rendered":"https:\/\/ddpavaje.ro\/index.php\/our-story\/"},"modified":"2024-11-03T16:03:18","modified_gmt":"2024-11-03T16:03:18","slug":"our-story","status":"publish","type":"page","link":"https:\/\/ddpavaje.ro\/index.php\/our-story\/","title":{"rendered":"Despre noi"},"content":{"rendered":"\t\t<div data-elementor-type=\"wp-page\" data-elementor-id=\"130\" class=\"elementor elementor-130\">\n\t\t\t\t<div class=\"elementor-element elementor-element-47a8853c e-con-full e-flex e-con e-parent\" data-id=\"47a8853c\" data-element_type=\"container\">\n\t\t<div class=\"elementor-element elementor-element-17565af1 e-con-full e-flex e-con e-child\" data-id=\"17565af1\" data-element_type=\"container\" data-settings=\"{&quot;background_background&quot;:&quot;classic&quot;}\">\n\t\t\t\t<\/div>\n\t\t<div class=\"elementor-element elementor-element-8734fb e-con-full e-flex e-con e-child\" data-id=\"8734fb\" data-element_type=\"container\">\n\t\t\t\t<div class=\"elementor-element elementor-element-12836e92 elementor-widget elementor-widget-heading\" data-id=\"12836e92\" data-element_type=\"widget\" data-widget_type=\"heading.default\">\n\t\t\t\t<div class=\"elementor-widget-container\">\n\t\t\t\t\t<h6 class=\"elementor-heading-title elementor-size-default\">DARIUS SI DAVID PAVAJE<\/h6>\t\t\t\t<\/div>\n\t\t\t\t<\/div>\n\t\t\t\t<div class=\"elementor-element elementor-element-3fd0410 elementor-widget elementor-widget-heading\" data-id=\"3fd0410\" data-element_type=\"widget\" data-widget_type=\"heading.default\">\n\t\t\t\t<div class=\"elementor-widget-container\">\n\t\t\t\t\t<h1 class=\"elementor-heading-title elementor-size-default\">Despre noi<\/h1>\t\t\t\t<\/div>\n\t\t\t\t<\/div>\n\t\t\t\t<div class=\"elementor-element elementor-element-662ba29b elementor-invisible elementor-widget elementor-widget-text-editor\" data-id=\"662ba29b\" data-element_type=\"widget\" data-settings=\"{&quot;_animation&quot;:&quot;fadeIn&quot;,&quot;_animation_delay&quot;:400}\" data-widget_type=\"text-editor.default\">\n\t\t\t\t<div class=\"elementor-widget-container\">\n\t\t\t\t\t\t\t\t\t<p>Suntem dedica\u021bi transform\u0103rii spa\u021biilor exterioare prin pavaje de \u00eenalt\u0103 calitate \u0219i solu\u021bii de amenajare adaptate fiec\u0103rui client. Cu o experien\u021b\u0103 de peste [num\u0103r de ani de experien\u021b\u0103] ani \u00een domeniu, echipa noastr\u0103 aduce la via\u021b\u0103 orice proiect, de la cur\u021bi \u0219i gr\u0103dini p\u00e2n\u0103 la alei \u0219i spa\u021bii comerciale, cu o aten\u021bie deosebit\u0103 la detalii \u0219i un angajament ferm fa\u021b\u0103 de satisfac\u021bia clientului<\/p>\t\t\t\t\t\t\t\t<\/div>\n\t\t\t\t<\/div>\n\t\t\t\t<\/div>\n\t\t\t\t<\/div>\n\t\t<div class=\"elementor-element elementor-element-243b162b e-con-full e-flex e-con e-parent\" data-id=\"243b162b\" data-element_type=\"container\">\n\t\t<div class=\"elementor-element elementor-element-46fd6c19 e-con-full e-flex e-con e-child\" data-id=\"46fd6c19\" data-element_type=\"container\">\n\t\t\t\t<div class=\"elementor-element elementor-element-642346c5 elementor-widget elementor-widget-heading\" data-id=\"642346c5\" data-element_type=\"widget\" data-widget_type=\"heading.default\">\n\t\t\t\t<div class=\"elementor-widget-container\">\n\t\t\t\t\t<h2 class=\"elementor-heading-title elementor-size-default\">Misiunea noastr\u0103<\/h2>\t\t\t\t<\/div>\n\t\t\t\t<\/div>\n\t\t\t\t<div class=\"elementor-element elementor-element-14575f6a elementor-widget__width-initial elementor-widget-mobile__width-inherit elementor-widget elementor-widget-text-editor\" data-id=\"14575f6a\" data-element_type=\"widget\" data-widget_type=\"text-editor.default\">\n\t\t\t\t<div class=\"elementor-widget-container\">\n\t\t\t\t\t\t\t\t\t<p>este de a transforma spa\u021biile exterioare ale clien\u021bilor no\u0219tri \u00een locuri pline de personalitate, func\u021bionale \u0219i pl\u0103cute. Indiferent de complexitatea proiectului, la DD Pavaje ne str\u0103duim s\u0103 oferim solu\u021bii personalizate care s\u0103 r\u0103spund\u0103 perfect nevoilor \u0219i a\u0219tept\u0103rilor fiec\u0103rui client.<\/p>\t\t\t\t\t\t\t\t<\/div>\n\t\t\t\t<\/div>\n\t\t\t\t<\/div>\n\t\t<div class=\"elementor-element elementor-element-e1c9ce9 e-con-full e-flex e-con e-child\" data-id=\"e1c9ce9\" data-element_type=\"container\" data-settings=\"{&quot;background_background&quot;:&quot;classic&quot;}\">\n\t\t\t\t<div class=\"elementor-element elementor-element-56eb71d6 elementor-widget elementor-widget-image\" data-id=\"56eb71d6\" data-element_type=\"widget\" data-widget_type=\"image.default\">\n\t\t\t\t<div class=\"elementor-widget-container\">\n\t\t\t\t\t\t\t\t\t\t\t\t\t\t\t<img fetchpriority=\"high\" decoding=\"async\" width=\"960\" height=\"720\" src=\"https:\/\/ddpavaje.ro\/wp-content\/uploads\/2024\/11\/p1.jpg\" class=\"attachment-full size-full wp-image-340\" alt=\"\" srcset=\"https:\/\/ddpavaje.ro\/wp-content\/uploads\/2024\/11\/p1.jpg 960w, https:\/\/ddpavaje.ro\/wp-content\/uploads\/2024\/11\/p1-300x225.jpg 300w, https:\/\/ddpavaje.ro\/wp-content\/uploads\/2024\/11\/p1-768x576.jpg 768w, https:\/\/ddpavaje.ro\/wp-content\/uploads\/2024\/11\/p1-600x450.jpg 600w\" sizes=\"(max-width: 960px) 100vw, 960px\" \/>\t\t\t\t\t\t\t\t\t\t\t\t\t\t\t<\/div>\n\t\t\t\t<\/div>\n\t\t\t\t<\/div>\n\t\t\t\t<\/div>\n\t\t<div class=\"elementor-element elementor-element-454aa4f5 e-flex e-con-boxed e-con e-parent\" data-id=\"454aa4f5\" data-element_type=\"container\">\n\t\t\t\t\t<div class=\"e-con-inner\">\n\t\t\t\t<div class=\"elementor-element elementor-element-609f773c elementor-widget elementor-widget-heading\" data-id=\"609f773c\" data-element_type=\"widget\" data-widget_type=\"heading.default\">\n\t\t\t\t<div class=\"elementor-widget-container\">\n\t\t\t\t\t<h2 class=\"elementor-heading-title elementor-size-default\">Valorile Noastre<\/h2>\t\t\t\t<\/div>\n\t\t\t\t<\/div>\n\t\t<div class=\"elementor-element elementor-element-4b6b586 e-con-full e-flex e-con e-child\" data-id=\"4b6b586\" data-element_type=\"container\">\n\t\t<div class=\"elementor-element elementor-element-6aa6c5dc e-con-full e-flex e-con e-child\" data-id=\"6aa6c5dc\" data-element_type=\"container\" data-settings=\"{&quot;background_background&quot;:&quot;classic&quot;}\">\n\t\t\t\t<div class=\"elementor-element elementor-element-38eb14e8 elementor-widget elementor-widget-heading\" data-id=\"38eb14e8\" data-element_type=\"widget\" data-widget_type=\"heading.default\">\n\t\t\t\t<div class=\"elementor-widget-container\">\n\t\t\t\t\t<h4 class=\"elementor-heading-title elementor-size-default\">Profesionalism<\/h4>\t\t\t\t<\/div>\n\t\t\t\t<\/div>\n\t\t\t\t<div class=\"elementor-element elementor-element-7ea228fa elementor-widget-divider--view-line elementor-widget elementor-widget-divider\" data-id=\"7ea228fa\" data-element_type=\"widget\" data-widget_type=\"divider.default\">\n\t\t\t\t<div class=\"elementor-widget-container\">\n\t\t\t\t\t\t\t<div class=\"elementor-divider\">\n\t\t\t<span class=\"elementor-divider-separator\">\n\t\t\t\t\t\t<\/span>\n\t\t<\/div>\n\t\t\t\t\t\t<\/div>\n\t\t\t\t<\/div>\n\t\t\t\t<div class=\"elementor-element elementor-element-3c82ac01 elementor-widget elementor-widget-text-editor\" data-id=\"3c82ac01\" data-element_type=\"widget\" data-widget_type=\"text-editor.default\">\n\t\t\t\t<div class=\"elementor-widget-container\">\n\t\t\t\t\t\t\t\t\t<p>Fiecare proiect este abordat cu seriozitate \u0219i pasiune, asigur\u00e2nd lucr\u0103ri durabile \u0219i estetice.<\/p>\t\t\t\t\t\t\t\t<\/div>\n\t\t\t\t<\/div>\n\t\t\t\t<\/div>\n\t\t<div class=\"elementor-element elementor-element-689f8e89 e-con-full e-flex e-con e-child\" data-id=\"689f8e89\" data-element_type=\"container\" data-settings=\"{&quot;background_background&quot;:&quot;classic&quot;}\">\n\t\t\t\t<div class=\"elementor-element elementor-element-d509a35 elementor-widget elementor-widget-heading\" data-id=\"d509a35\" data-element_type=\"widget\" data-widget_type=\"heading.default\">\n\t\t\t\t<div class=\"elementor-widget-container\">\n\t\t\t\t\t<h4 class=\"elementor-heading-title elementor-size-default\">Calitate<\/h4>\t\t\t\t<\/div>\n\t\t\t\t<\/div>\n\t\t\t\t<div class=\"elementor-element elementor-element-43edb4eb elementor-widget-divider--view-line elementor-widget elementor-widget-divider\" data-id=\"43edb4eb\" data-element_type=\"widget\" data-widget_type=\"divider.default\">\n\t\t\t\t<div class=\"elementor-widget-container\">\n\t\t\t\t\t\t\t<div class=\"elementor-divider\">\n\t\t\t<span class=\"elementor-divider-separator\">\n\t\t\t\t\t\t<\/span>\n\t\t<\/div>\n\t\t\t\t\t\t<\/div>\n\t\t\t\t<\/div>\n\t\t\t\t<div class=\"elementor-element elementor-element-5b85cba elementor-widget elementor-widget-text-editor\" data-id=\"5b85cba\" data-element_type=\"widget\" data-widget_type=\"text-editor.default\">\n\t\t\t\t<div class=\"elementor-widget-container\">\n\t\t\t\t\t\t\t\t\t<p>Folosim doar materiale de top \u0219i tehnologii avansate pentru a oferi solu\u021bii de pavare \u0219i amenaj\u0103ri exterioare care rezist\u0103 \u00een timp.<\/p>\t\t\t\t\t\t\t\t<\/div>\n\t\t\t\t<\/div>\n\t\t\t\t<\/div>\n\t\t<div class=\"elementor-element elementor-element-1b7d7832 e-con-full e-flex e-con e-child\" data-id=\"1b7d7832\" data-element_type=\"container\" data-settings=\"{&quot;background_background&quot;:&quot;classic&quot;}\">\n\t\t\t\t<div class=\"elementor-element elementor-element-57b42908 elementor-widget elementor-widget-heading\" data-id=\"57b42908\" data-element_type=\"widget\" data-widget_type=\"heading.default\">\n\t\t\t\t<div class=\"elementor-widget-container\">\n\t\t\t\t\t<h4 class=\"elementor-heading-title elementor-size-default\">Inova\u021bie<\/h4>\t\t\t\t<\/div>\n\t\t\t\t<\/div>\n\t\t\t\t<div class=\"elementor-element elementor-element-68e1194b elementor-widget-divider--view-line elementor-widget elementor-widget-divider\" data-id=\"68e1194b\" data-element_type=\"widget\" data-widget_type=\"divider.default\">\n\t\t\t\t<div class=\"elementor-widget-container\">\n\t\t\t\t\t\t\t<div class=\"elementor-divider\">\n\t\t\t<span class=\"elementor-divider-separator\">\n\t\t\t\t\t\t<\/span>\n\t\t<\/div>\n\t\t\t\t\t\t<\/div>\n\t\t\t\t<\/div>\n\t\t\t\t<div class=\"elementor-element elementor-element-45247fb7 elementor-widget elementor-widget-text-editor\" data-id=\"45247fb7\" data-element_type=\"widget\" data-widget_type=\"text-editor.default\">\n\t\t\t\t<div class=\"elementor-widget-container\">\n\t\t\t\t\t\t\t\t\t<p>Suntem mereu la curent cu tendin\u021bele \u0219i nout\u0103\u021bile \u00een domeniu pentru a aduce cele mai moderne solu\u021bii \u00een fiecare lucrare.<\/p>\t\t\t\t\t\t\t\t<\/div>\n\t\t\t\t<\/div>\n\t\t\t\t<\/div>\n\t\t\t\t<\/div>\n\t\t\t\t\t<\/div>\n\t\t\t\t<\/div>\n\t\t\t\t<\/div>\n\t\t","protected":false},"excerpt":{"rendered":"<p>DARIUS SI DAVID PAVAJE Despre noi Suntem dedica\u021bi transform\u0103rii spa\u021biilor exterioare prin pavaje de \u00eenalt\u0103 calitate \u0219i solu\u021bii de amenajare adaptate fiec\u0103rui client. Cu o experien\u021b\u0103 de peste [num\u0103r de ani de experien\u021b\u0103] ani \u00een domeniu, echipa noastr\u0103 aduce la via\u021b\u0103 orice proiect, de la cur\u021bi \u0219i gr\u0103dini p\u00e2n\u0103 la alei \u0219i spa\u021bii comerciale, cu [&hellip;]<\/p>\n","protected":false},"author":1,"featured_media":0,"parent":0,"menu_order":0,"comment_status":"closed","ping_status":"closed","template":"elementor_header_footer","meta":{"footnotes":""},"class_list":["post-130","page","type-page","status-publish","hentry"],"yoast_head":"<!-- This site is optimized with the Yoast SEO plugin v24.5 - https:\/\/yoast.com\/wordpress\/plugins\/seo\/ -->\n<title>Despre noi - D&amp;D Pavaje<\/title>\n<meta name=\"robots\" content=\"index, follow, max-snippet:-1, max-image-preview:large, max-video-preview:-1\" \/>\n<link rel=\"canonical\" href=\"https:\/\/ddpavaje.ro\/index.php\/our-story\/\" \/>\n<meta property=\"og:locale\" content=\"ro_RO\" \/>\n<meta property=\"og:type\" content=\"article\" \/>\n<meta property=\"og:title\" content=\"Despre noi - D&amp;D Pavaje\" \/>\n<meta property=\"og:description\" content=\"DARIUS SI DAVID PAVAJE Despre noi Suntem dedica\u021bi transform\u0103rii spa\u021biilor exterioare prin pavaje de \u00eenalt\u0103 calitate \u0219i solu\u021bii de amenajare adaptate fiec\u0103rui client. Cu o experien\u021b\u0103 de peste [num\u0103r de ani de experien\u021b\u0103] ani \u00een domeniu, echipa noastr\u0103 aduce la via\u021b\u0103 orice proiect, de la cur\u021bi \u0219i gr\u0103dini p\u00e2n\u0103 la alei \u0219i spa\u021bii comerciale, cu [&hellip;]\" \/>\n<meta property=\"og:url\" content=\"https:\/\/ddpavaje.ro\/index.php\/our-story\/\" \/>\n<meta property=\"og:site_name\" content=\"D&amp;D Pavaje\" \/>\n<meta property=\"article:modified_time\" content=\"2024-11-03T16:03:18+00:00\" \/>\n<meta property=\"og:image\" content=\"https:\/\/ddpavaje.ro\/wp-content\/uploads\/2024\/11\/p1.jpg\" \/>\n\t<meta property=\"og:image:width\" content=\"960\" \/>\n\t<meta property=\"og:image:height\" content=\"720\" \/>\n\t<meta property=\"og:image:type\" content=\"image\/jpeg\" \/>\n<meta name=\"twitter:card\" content=\"summary_large_image\" \/>\n<meta name=\"twitter:label1\" content=\"Timp estimat pentru citire\" \/>\n\t<meta name=\"twitter:data1\" content=\"2 minute\" \/>\n<script type=\"application\/ld+json\" class=\"yoast-schema-graph\">{\"@context\":\"https:\/\/schema.org\",\"@graph\":[{\"@type\":\"WebPage\",\"@id\":\"https:\/\/ddpavaje.ro\/index.php\/our-story\/\",\"url\":\"https:\/\/ddpavaje.ro\/index.php\/our-story\/\",\"name\":\"Despre noi - D&amp;D Pavaje\",\"isPartOf\":{\"@id\":\"https:\/\/ddpavaje.ro\/#website\"},\"primaryImageOfPage\":{\"@id\":\"https:\/\/ddpavaje.ro\/index.php\/our-story\/#primaryimage\"},\"image\":{\"@id\":\"https:\/\/ddpavaje.ro\/index.php\/our-story\/#primaryimage\"},\"thumbnailUrl\":\"https:\/\/ddpavaje.ro\/wp-content\/uploads\/2024\/11\/p1.jpg\",\"datePublished\":\"2024-10-30T13:49:05+00:00\",\"dateModified\":\"2024-11-03T16:03:18+00:00\",\"breadcrumb\":{\"@id\":\"https:\/\/ddpavaje.ro\/index.php\/our-story\/#breadcrumb\"},\"inLanguage\":\"ro-RO\",\"potentialAction\":[{\"@type\":\"ReadAction\",\"target\":[\"https:\/\/ddpavaje.ro\/index.php\/our-story\/\"]}]},{\"@type\":\"ImageObject\",\"inLanguage\":\"ro-RO\",\"@id\":\"https:\/\/ddpavaje.ro\/index.php\/our-story\/#primaryimage\",\"url\":\"https:\/\/ddpavaje.ro\/wp-content\/uploads\/2024\/11\/p1.jpg\",\"contentUrl\":\"https:\/\/ddpavaje.ro\/wp-content\/uploads\/2024\/11\/p1.jpg\",\"width\":960,\"height\":720},{\"@type\":\"BreadcrumbList\",\"@id\":\"https:\/\/ddpavaje.ro\/index.php\/our-story\/#breadcrumb\",\"itemListElement\":[{\"@type\":\"ListItem\",\"position\":1,\"name\":\"Prima pagin\u0103\",\"item\":\"https:\/\/ddpavaje.ro\/\"},{\"@type\":\"ListItem\",\"position\":2,\"name\":\"Despre noi\"}]},{\"@type\":\"WebSite\",\"@id\":\"https:\/\/ddpavaje.ro\/#website\",\"url\":\"https:\/\/ddpavaje.ro\/\",\"name\":\"D&amp;D Pavaje\",\"description\":\"Pavaje Borduri Alei\",\"publisher\":{\"@id\":\"https:\/\/ddpavaje.ro\/#organization\"},\"potentialAction\":[{\"@type\":\"SearchAction\",\"target\":{\"@type\":\"EntryPoint\",\"urlTemplate\":\"https:\/\/ddpavaje.ro\/?s={search_term_string}\"},\"query-input\":{\"@type\":\"PropertyValueSpecification\",\"valueRequired\":true,\"valueName\":\"search_term_string\"}}],\"inLanguage\":\"ro-RO\"},{\"@type\":\"Organization\",\"@id\":\"https:\/\/ddpavaje.ro\/#organization\",\"name\":\"D&amp;D Pavaje\",\"url\":\"https:\/\/ddpavaje.ro\/\",\"logo\":{\"@type\":\"ImageObject\",\"inLanguage\":\"ro-RO\",\"@id\":\"https:\/\/ddpavaje.ro\/#\/schema\/logo\/image\/\",\"url\":\"https:\/\/ddpavaje.ro\/wp-content\/uploads\/2024\/10\/cropped-logo1.png\",\"contentUrl\":\"https:\/\/ddpavaje.ro\/wp-content\/uploads\/2024\/10\/cropped-logo1.png\",\"width\":377,\"height\":70,\"caption\":\"D&amp;D Pavaje\"},\"image\":{\"@id\":\"https:\/\/ddpavaje.ro\/#\/schema\/logo\/image\/\"}}]}<\/script>\n<!-- \/ Yoast SEO plugin. -->","yoast_head_json":{"title":"Despre noi - D&amp;D Pavaje","robots":{"index":"index","follow":"follow","max-snippet":"max-snippet:-1","max-image-preview":"max-image-preview:large","max-video-preview":"max-video-preview:-1"},"canonical":"https:\/\/ddpavaje.ro\/index.php\/our-story\/","og_locale":"ro_RO","og_type":"article","og_title":"Despre noi - D&amp;D Pavaje","og_description":"DARIUS SI DAVID PAVAJE Despre noi Suntem dedica\u021bi transform\u0103rii spa\u021biilor exterioare prin pavaje de \u00eenalt\u0103 calitate \u0219i solu\u021bii de amenajare adaptate fiec\u0103rui client. Cu o experien\u021b\u0103 de peste [num\u0103r de ani de experien\u021b\u0103] ani \u00een domeniu, echipa noastr\u0103 aduce la via\u021b\u0103 orice proiect, de la cur\u021bi \u0219i gr\u0103dini p\u00e2n\u0103 la alei \u0219i spa\u021bii comerciale, cu [&hellip;]","og_url":"https:\/\/ddpavaje.ro\/index.php\/our-story\/","og_site_name":"D&amp;D Pavaje","article_modified_time":"2024-11-03T16:03:18+00:00","og_image":[{"width":960,"height":720,"url":"https:\/\/ddpavaje.ro\/wp-content\/uploads\/2024\/11\/p1.jpg","type":"image\/jpeg"}],"twitter_card":"summary_large_image","twitter_misc":{"Timp estimat pentru citire":"2 minute"},"schema":{"@context":"https:\/\/schema.org","@graph":[{"@type":"WebPage","@id":"https:\/\/ddpavaje.ro\/index.php\/our-story\/","url":"https:\/\/ddpavaje.ro\/index.php\/our-story\/","name":"Despre noi - D&amp;D Pavaje","isPartOf":{"@id":"https:\/\/ddpavaje.ro\/#website"},"primaryImageOfPage":{"@id":"https:\/\/ddpavaje.ro\/index.php\/our-story\/#primaryimage"},"image":{"@id":"https:\/\/ddpavaje.ro\/index.php\/our-story\/#primaryimage"},"thumbnailUrl":"https:\/\/ddpavaje.ro\/wp-content\/uploads\/2024\/11\/p1.jpg","datePublished":"2024-10-30T13:49:05+00:00","dateModified":"2024-11-03T16:03:18+00:00","breadcrumb":{"@id":"https:\/\/ddpavaje.ro\/index.php\/our-story\/#breadcrumb"},"inLanguage":"ro-RO","potentialAction":[{"@type":"ReadAction","target":["https:\/\/ddpavaje.ro\/index.php\/our-story\/"]}]},{"@type":"ImageObject","inLanguage":"ro-RO","@id":"https:\/\/ddpavaje.ro\/index.php\/our-story\/#primaryimage","url":"https:\/\/ddpavaje.ro\/wp-content\/uploads\/2024\/11\/p1.jpg","contentUrl":"https:\/\/ddpavaje.ro\/wp-content\/uploads\/2024\/11\/p1.jpg","width":960,"height":720},{"@type":"BreadcrumbList","@id":"https:\/\/ddpavaje.ro\/index.php\/our-story\/#breadcrumb","itemListElement":[{"@type":"ListItem","position":1,"name":"Prima pagin\u0103","item":"https:\/\/ddpavaje.ro\/"},{"@type":"ListItem","position":2,"name":"Despre noi"}]},{"@type":"WebSite","@id":"https:\/\/ddpavaje.ro\/#website","url":"https:\/\/ddpavaje.ro\/","name":"D&amp;D Pavaje","description":"Pavaje Borduri Alei","publisher":{"@id":"https:\/\/ddpavaje.ro\/#organization"},"potentialAction":[{"@type":"SearchAction","target":{"@type":"EntryPoint","urlTemplate":"https:\/\/ddpavaje.ro\/?s={search_term_string}"},"query-input":{"@type":"PropertyValueSpecification","valueRequired":true,"valueName":"search_term_string"}}],"inLanguage":"ro-RO"},{"@type":"Organization","@id":"https:\/\/ddpavaje.ro\/#organization","name":"D&amp;D Pavaje","url":"https:\/\/ddpavaje.ro\/","logo":{"@type":"ImageObject","inLanguage":"ro-RO","@id":"https:\/\/ddpavaje.ro\/#\/schema\/logo\/image\/","url":"https:\/\/ddpavaje.ro\/wp-content\/uploads\/2024\/10\/cropped-logo1.png","contentUrl":"https:\/\/ddpavaje.ro\/wp-content\/uploads\/2024\/10\/cropped-logo1.png","width":377,"height":70,"caption":"D&amp;D Pavaje"},"image":{"@id":"https:\/\/ddpavaje.ro\/#\/schema\/logo\/image\/"}}]}},"jetpack_sharing_enabled":true,"_links":{"self":[{"href":"https:\/\/ddpavaje.ro\/index.php\/wp-json\/wp\/v2\/pages\/130","targetHints":{"allow":["GET"]}}],"collection":[{"href":"https:\/\/ddpavaje.ro\/index.php\/wp-json\/wp\/v2\/pages"}],"about":[{"href":"https:\/\/ddpavaje.ro\/index.php\/wp-json\/wp\/v2\/types\/page"}],"author":[{"embeddable":true,"href":"https:\/\/ddpavaje.ro\/index.php\/wp-json\/wp\/v2\/users\/1"}],"replies":[{"embeddable":true,"href":"https:\/\/ddpavaje.ro\/index.php\/wp-json\/wp\/v2\/comments?post=130"}],"version-history":[{"count":14,"href":"https:\/\/ddpavaje.ro\/index.php\/wp-json\/wp\/v2\/pages\/130\/revisions"}],"predecessor-version":[{"id":560,"href":"https:\/\/ddpavaje.ro\/index.php\/wp-json\/wp\/v2\/pages\/130\/revisions\/560"}],"wp:attachment":[{"href":"https:\/\/ddpavaje.ro\/index.php\/wp-json\/wp\/v2\/media?parent=130"}],"curies":[{"name":"wp","href":"https:\/\/api.w.org\/{rel}","templated":true}]}}