{"id":134,"date":"2024-10-30T13:49:06","date_gmt":"2024-10-30T13:49:06","guid":{"rendered":"https:\/\/ddpavaje.ro\/index.php\/home-2\/"},"modified":"2025-04-02T14:14:12","modified_gmt":"2025-04-02T14:14:12","slug":"acasa","status":"publish","type":"page","link":"https:\/\/ddpavaje.ro\/","title":{"rendered":"Acasa"},"content":{"rendered":"\t\t<div data-elementor-type=\"wp-page\" data-elementor-id=\"134\" class=\"elementor elementor-134\">\n\t\t\t\t<div class=\"elementor-element elementor-element-d5cfde3 e-flex e-con-boxed e-con e-parent\" data-id=\"d5cfde3\" data-element_type=\"container\" data-settings=\"{&quot;background_background&quot;:&quot;classic&quot;}\">\n\t\t\t\t\t<div class=\"e-con-inner\">\n\t\t\t\t<div class=\"elementor-element elementor-element-3ecd55be elementor-invisible elementor-widget elementor-widget-heading\" data-id=\"3ecd55be\" data-element_type=\"widget\" data-settings=\"{&quot;_animation&quot;:&quot;fadeIn&quot;}\" data-widget_type=\"heading.default\">\n\t\t\t\t<div class=\"elementor-widget-container\">\n\t\t\t\t\t<h1 class=\"elementor-heading-title elementor-size-default\">Alei, Trotuare, Terase, Excavari<\/h1>\t\t\t\t<\/div>\n\t\t\t\t<\/div>\n\t\t\t\t<div class=\"elementor-element elementor-element-32b3f1bc elementor-invisible elementor-widget elementor-widget-heading\" data-id=\"32b3f1bc\" data-element_type=\"widget\" data-settings=\"{&quot;_animation&quot;:&quot;fadeIn&quot;}\" data-widget_type=\"heading.default\">\n\t\t\t\t<div class=\"elementor-widget-container\">\n\t\t\t\t\t<h5 class=\"elementor-heading-title elementor-size-default\">Bun venit la DD Pavaje \u2013 Expertul t\u0103u \u00een amenaj\u0103ri exterioare!<\/h5>\t\t\t\t<\/div>\n\t\t\t\t<\/div>\n\t\t\t\t<div class=\"elementor-element elementor-element-2a921c06 elementor-align-center elementor-invisible elementor-widget elementor-widget-button\" data-id=\"2a921c06\" data-element_type=\"widget\" data-settings=\"{&quot;_animation&quot;:&quot;fadeIn&quot;,&quot;_animation_delay&quot;:400}\" data-widget_type=\"button.default\">\n\t\t\t\t<div class=\"elementor-widget-container\">\n\t\t\t\t\t\t\t\t\t<div class=\"elementor-button-wrapper\">\n\t\t\t\t\t<a class=\"elementor-button elementor-button-link elementor-size-sm\" href=\"https:\/\/ddpavaje.ro\/index.php\/contact\/\">\n\t\t\t\t\t\t<span class=\"elementor-button-content-wrapper\">\n\t\t\t\t\t\t\t\t\t<span class=\"elementor-button-text\">Contact<\/span>\n\t\t\t\t\t<\/span>\n\t\t\t\t\t<\/a>\n\t\t\t\t<\/div>\n\t\t\t\t\t\t\t\t<\/div>\n\t\t\t\t<\/div>\n\t\t\t\t\t<\/div>\n\t\t\t\t<\/div>\n\t\t<div class=\"elementor-element elementor-element-76b52626 e-flex e-con-boxed e-con e-parent\" data-id=\"76b52626\" data-element_type=\"container\">\n\t\t\t\t\t<div class=\"e-con-inner\">\n\t\t\t\t<div class=\"elementor-element elementor-element-30e5297 elementor-widget elementor-widget-heading\" data-id=\"30e5297\" data-element_type=\"widget\" data-widget_type=\"heading.default\">\n\t\t\t\t<div class=\"elementor-widget-container\">\n\t\t\t\t\t<h2 class=\"elementor-heading-title elementor-size-default\">Servicii Oferite<\/h2>\t\t\t\t<\/div>\n\t\t\t\t<\/div>\n\t\t\t\t<div class=\"elementor-element elementor-element-ccbb979 elementor-widget elementor-widget-heading\" data-id=\"ccbb979\" data-element_type=\"widget\" data-widget_type=\"heading.default\">\n\t\t\t\t<div class=\"elementor-widget-container\">\n\t\t\t\t\t<h5 class=\"elementor-heading-title elementor-size-default\">Fie c\u0103 ave\u021bi nevoie de o amenajare rapid\u0103 sau de un proiect complex, suntem aici s\u0103 v\u0103 transform\u0103m ideile \u00een realitate.<\/h5>\t\t\t\t<\/div>\n\t\t\t\t<\/div>\n\t\t<div class=\"elementor-element elementor-element-b2d7dbe e-con-full e-flex e-con e-child\" data-id=\"b2d7dbe\" data-element_type=\"container\">\n\t\t\t\t<div class=\"elementor-element elementor-element-43ed2439 elementor-widget-tablet__width-initial elementor-widget-mobile__width-inherit elementor-widget__width-initial elementor-position-top elementor-widget elementor-widget-image-box\" data-id=\"43ed2439\" data-element_type=\"widget\" data-widget_type=\"image-box.default\">\n\t\t\t\t<div class=\"elementor-widget-container\">\n\t\t\t\t\t<div class=\"elementor-image-box-wrapper\"><figure class=\"elementor-image-box-img\"><img fetchpriority=\"high\" decoding=\"async\" width=\"960\" height=\"720\" src=\"https:\/\/ddpavaje.ro\/wp-content\/uploads\/2024\/11\/h8.jpg\" class=\"elementor-animation-grow attachment-full size-full wp-image-308\" alt=\"\" srcset=\"https:\/\/ddpavaje.ro\/wp-content\/uploads\/2024\/11\/h8.jpg 960w, https:\/\/ddpavaje.ro\/wp-content\/uploads\/2024\/11\/h8-300x225.jpg 300w, https:\/\/ddpavaje.ro\/wp-content\/uploads\/2024\/11\/h8-768x576.jpg 768w, https:\/\/ddpavaje.ro\/wp-content\/uploads\/2024\/11\/h8-600x450.jpg 600w\" sizes=\"(max-width: 960px) 100vw, 960px\" \/><\/figure><div class=\"elementor-image-box-content\"><h4 class=\"elementor-image-box-title\">Pavaje<\/h4><p class=\"elementor-image-box-description\">Montaj de pavaje pentru cur\u021bi \u0219i alei<\/p><\/div><\/div>\t\t\t\t<\/div>\n\t\t\t\t<\/div>\n\t\t\t\t<div class=\"elementor-element elementor-element-3afe9b04 elementor-widget-tablet__width-initial elementor-widget-mobile__width-inherit elementor-widget__width-initial elementor-position-top elementor-widget elementor-widget-image-box\" data-id=\"3afe9b04\" data-element_type=\"widget\" data-widget_type=\"image-box.default\">\n\t\t\t\t<div class=\"elementor-widget-container\">\n\t\t\t\t\t<div class=\"elementor-image-box-wrapper\"><figure class=\"elementor-image-box-img\"><img decoding=\"async\" width=\"960\" height=\"720\" src=\"https:\/\/ddpavaje.ro\/wp-content\/uploads\/2024\/11\/c1-1.jpg\" class=\"elementor-animation-grow attachment-full size-full wp-image-338\" alt=\"\" srcset=\"https:\/\/ddpavaje.ro\/wp-content\/uploads\/2024\/11\/c1-1.jpg 960w, https:\/\/ddpavaje.ro\/wp-content\/uploads\/2024\/11\/c1-1-300x225.jpg 300w, https:\/\/ddpavaje.ro\/wp-content\/uploads\/2024\/11\/c1-1-768x576.jpg 768w, https:\/\/ddpavaje.ro\/wp-content\/uploads\/2024\/11\/c1-1-600x450.jpg 600w\" sizes=\"(max-width: 960px) 100vw, 960px\" \/><\/figure><div class=\"elementor-image-box-content\"><h4 class=\"elementor-image-box-title\">Amenajari<\/h4><p class=\"elementor-image-box-description\">Amenaj\u0103ri exterioare pentru spa\u021bii comerciale<\/p><\/div><\/div>\t\t\t\t<\/div>\n\t\t\t\t<\/div>\n\t\t\t\t<div class=\"elementor-element elementor-element-4013ea92 elementor-widget-tablet__width-initial elementor-widget-mobile__width-inherit elementor-widget__width-initial elementor-position-top elementor-widget elementor-widget-image-box\" data-id=\"4013ea92\" data-element_type=\"widget\" data-widget_type=\"image-box.default\">\n\t\t\t\t<div class=\"elementor-widget-container\">\n\t\t\t\t\t<div class=\"elementor-image-box-wrapper\"><figure class=\"elementor-image-box-img\"><img decoding=\"async\" width=\"960\" height=\"720\" src=\"https:\/\/ddpavaje.ro\/wp-content\/uploads\/2025\/04\/excavari.jpg\" class=\"elementor-animation-grow attachment-full size-full wp-image-586\" alt=\"\" srcset=\"https:\/\/ddpavaje.ro\/wp-content\/uploads\/2025\/04\/excavari.jpg 960w, https:\/\/ddpavaje.ro\/wp-content\/uploads\/2025\/04\/excavari-300x225.jpg 300w, https:\/\/ddpavaje.ro\/wp-content\/uploads\/2025\/04\/excavari-768x576.jpg 768w, https:\/\/ddpavaje.ro\/wp-content\/uploads\/2025\/04\/excavari-600x450.jpg 600w\" sizes=\"(max-width: 960px) 100vw, 960px\" \/><\/figure><div class=\"elementor-image-box-content\"><h4 class=\"elementor-image-box-title\">excav\u0103ri<\/h4><p class=\"elementor-image-box-description\">Diverse servicii de excav\u0103ri \u0219i produse rezultate<\/p><\/div><\/div>\t\t\t\t<\/div>\n\t\t\t\t<\/div>\n\t\t\t\t<div class=\"elementor-element elementor-element-580d492f elementor-widget-tablet__width-initial elementor-widget-mobile__width-inherit elementor-widget__width-initial elementor-position-top elementor-widget elementor-widget-image-box\" data-id=\"580d492f\" data-element_type=\"widget\" data-widget_type=\"image-box.default\">\n\t\t\t\t<div class=\"elementor-widget-container\">\n\t\t\t\t\t<div class=\"elementor-image-box-wrapper\"><figure class=\"elementor-image-box-img\"><img loading=\"lazy\" decoding=\"async\" width=\"960\" height=\"720\" src=\"https:\/\/ddpavaje.ro\/wp-content\/uploads\/2025\/03\/agregate_h.jpg\" class=\"elementor-animation-grow attachment-full size-full wp-image-552\" alt=\"\" srcset=\"https:\/\/ddpavaje.ro\/wp-content\/uploads\/2025\/03\/agregate_h.jpg 960w, https:\/\/ddpavaje.ro\/wp-content\/uploads\/2025\/03\/agregate_h-300x225.jpg 300w, https:\/\/ddpavaje.ro\/wp-content\/uploads\/2025\/03\/agregate_h-768x576.jpg 768w, https:\/\/ddpavaje.ro\/wp-content\/uploads\/2025\/03\/agregate_h-600x450.jpg 600w\" sizes=\"(max-width: 960px) 100vw, 960px\" \/><\/figure><div class=\"elementor-image-box-content\"><h4 class=\"elementor-image-box-title\">Agregate<\/h4><p class=\"elementor-image-box-description\">Nisip, Pietris, Balast pentu diferite tipuri de constructii<\/p><\/div><\/div>\t\t\t\t<\/div>\n\t\t\t\t<\/div>\n\t\t\t\t<\/div>\n\t\t\t\t<div class=\"elementor-element elementor-element-33e86e03 elementor-align-center elementor-widget__width-inherit elementor-invisible elementor-widget elementor-widget-button\" data-id=\"33e86e03\" data-element_type=\"widget\" data-settings=\"{&quot;_animation&quot;:&quot;fadeInDown&quot;}\" data-widget_type=\"button.default\">\n\t\t\t\t<div class=\"elementor-widget-container\">\n\t\t\t\t\t\t\t\t\t<div class=\"elementor-button-wrapper\">\n\t\t\t\t\t<a class=\"elementor-button elementor-button-link elementor-size-sm\" href=\"https:\/\/ddpavaje.ro\/index.php\/servicii\/\">\n\t\t\t\t\t\t<span class=\"elementor-button-content-wrapper\">\n\t\t\t\t\t\t\t\t\t<span class=\"elementor-button-text\">Servicii<\/span>\n\t\t\t\t\t<\/span>\n\t\t\t\t\t<\/a>\n\t\t\t\t<\/div>\n\t\t\t\t\t\t\t\t<\/div>\n\t\t\t\t<\/div>\n\t\t\t\t\t<\/div>\n\t\t\t\t<\/div>\n\t\t<div class=\"elementor-element elementor-element-2b03c396 e-flex e-con-boxed e-con e-parent\" data-id=\"2b03c396\" data-element_type=\"container\" id=\"next\">\n\t\t\t\t\t<div class=\"e-con-inner\">\n\t\t\t\t<div class=\"elementor-element elementor-element-32bd412c elementor-widget elementor-widget-heading\" data-id=\"32bd412c\" data-element_type=\"widget\" data-widget_type=\"heading.default\">\n\t\t\t\t<div class=\"elementor-widget-container\">\n\t\t\t\t\t<h2 class=\"elementor-heading-title elementor-size-default\">De ce s\u0103 ne alege\u021bi pe noi?<\/h2>\t\t\t\t<\/div>\n\t\t\t\t<\/div>\n\t\t<div class=\"elementor-element elementor-element-2230900 e-con-full e-flex e-con e-child\" data-id=\"2230900\" data-element_type=\"container\">\n\t\t<div class=\"elementor-element elementor-element-3422c57e e-con-full e-flex e-con e-child\" data-id=\"3422c57e\" data-element_type=\"container\" data-settings=\"{&quot;background_background&quot;:&quot;classic&quot;}\">\n\t\t\t\t<div class=\"elementor-element elementor-element-161e2824 elementor-widget elementor-widget-heading\" data-id=\"161e2824\" data-element_type=\"widget\" data-widget_type=\"heading.default\">\n\t\t\t\t<div class=\"elementor-widget-container\">\n\t\t\t\t\t<h4 class=\"elementor-heading-title elementor-size-default\">Calitate: <\/h4>\t\t\t\t<\/div>\n\t\t\t\t<\/div>\n\t\t\t\t<div class=\"elementor-element elementor-element-470c3885 elementor-widget-divider--view-line elementor-widget elementor-widget-divider\" data-id=\"470c3885\" data-element_type=\"widget\" data-widget_type=\"divider.default\">\n\t\t\t\t<div class=\"elementor-widget-container\">\n\t\t\t\t\t\t\t<div class=\"elementor-divider\">\n\t\t\t<span class=\"elementor-divider-separator\">\n\t\t\t\t\t\t<\/span>\n\t\t<\/div>\n\t\t\t\t\t\t<\/div>\n\t\t\t\t<\/div>\n\t\t\t\t<div class=\"elementor-element elementor-element-2412c2d4 elementor-widget elementor-widget-text-editor\" data-id=\"2412c2d4\" data-element_type=\"widget\" data-widget_type=\"text-editor.default\">\n\t\t\t\t<div class=\"elementor-widget-container\">\n\t\t\t\t\t\t\t\t\t<p>\u00a0Lucr\u0103m cu cele mai bune materiale \u0219i echipamente, garant\u00e2nd durabilitate \u0219i estetic\u0103 de excep\u021bie.<\/p>\t\t\t\t\t\t\t\t<\/div>\n\t\t\t\t<\/div>\n\t\t\t\t<\/div>\n\t\t<div class=\"elementor-element elementor-element-3c11ef1e e-con-full e-flex e-con e-child\" data-id=\"3c11ef1e\" data-element_type=\"container\" data-settings=\"{&quot;background_background&quot;:&quot;classic&quot;}\">\n\t\t\t\t<div class=\"elementor-element elementor-element-4b81fa04 elementor-widget elementor-widget-heading\" data-id=\"4b81fa04\" data-element_type=\"widget\" data-widget_type=\"heading.default\">\n\t\t\t\t<div class=\"elementor-widget-container\">\n\t\t\t\t\t<h4 class=\"elementor-heading-title elementor-size-default\">Profesionalism:<\/h4>\t\t\t\t<\/div>\n\t\t\t\t<\/div>\n\t\t\t\t<div class=\"elementor-element elementor-element-78cbc431 elementor-widget-divider--view-line elementor-widget elementor-widget-divider\" data-id=\"78cbc431\" data-element_type=\"widget\" data-widget_type=\"divider.default\">\n\t\t\t\t<div class=\"elementor-widget-container\">\n\t\t\t\t\t\t\t<div class=\"elementor-divider\">\n\t\t\t<span class=\"elementor-divider-separator\">\n\t\t\t\t\t\t<\/span>\n\t\t<\/div>\n\t\t\t\t\t\t<\/div>\n\t\t\t\t<\/div>\n\t\t\t\t<div class=\"elementor-element elementor-element-232fd491 elementor-widget elementor-widget-text-editor\" data-id=\"232fd491\" data-element_type=\"widget\" data-widget_type=\"text-editor.default\">\n\t\t\t\t<div class=\"elementor-widget-container\">\n\t\t\t\t\t\t\t\t\t<p>Echipa noastr\u0103 are expertiza \u0219i preg\u0103tirea necesar\u0103 pentru a transforma orice spa\u021biu exterior \u00eentr-un loc deosebit.<\/p>\t\t\t\t\t\t\t\t<\/div>\n\t\t\t\t<\/div>\n\t\t\t\t<\/div>\n\t\t<div class=\"elementor-element elementor-element-896f1cc e-con-full e-flex e-con e-child\" data-id=\"896f1cc\" data-element_type=\"container\" data-settings=\"{&quot;background_background&quot;:&quot;classic&quot;}\">\n\t\t\t\t<div class=\"elementor-element elementor-element-74b1013b elementor-widget elementor-widget-heading\" data-id=\"74b1013b\" data-element_type=\"widget\" data-widget_type=\"heading.default\">\n\t\t\t\t<div class=\"elementor-widget-container\">\n\t\t\t\t\t<h4 class=\"elementor-heading-title elementor-size-default\">Varietate de servicii:<\/h4>\t\t\t\t<\/div>\n\t\t\t\t<\/div>\n\t\t\t\t<div class=\"elementor-element elementor-element-270665e5 elementor-widget-divider--view-line elementor-widget elementor-widget-divider\" data-id=\"270665e5\" data-element_type=\"widget\" data-widget_type=\"divider.default\">\n\t\t\t\t<div class=\"elementor-widget-container\">\n\t\t\t\t\t\t\t<div class=\"elementor-divider\">\n\t\t\t<span class=\"elementor-divider-separator\">\n\t\t\t\t\t\t<\/span>\n\t\t<\/div>\n\t\t\t\t\t\t<\/div>\n\t\t\t\t<\/div>\n\t\t\t\t<div class=\"elementor-element elementor-element-75779c0f elementor-widget elementor-widget-text-editor\" data-id=\"75779c0f\" data-element_type=\"widget\" data-widget_type=\"text-editor.default\">\n\t\t\t\t<div class=\"elementor-widget-container\">\n\t\t\t\t\t\t\t\t\t<p>Livrari de agregate si pavaje de la modele\u00a0 clasice la modele inovatoare, oferim o gam\u0103 larg\u0103 de solu\u021bii adaptate fiec\u0103rui tip de proiect.<\/p>\t\t\t\t\t\t\t\t<\/div>\n\t\t\t\t<\/div>\n\t\t\t\t<\/div>\n\t\t\t\t<\/div>\n\t\t\t\t\t<\/div>\n\t\t\t\t<\/div>\n\t\t<div class=\"elementor-element elementor-element-4c3cac6b e-flex e-con-boxed e-con e-parent\" data-id=\"4c3cac6b\" data-element_type=\"container\">\n\t\t\t\t\t<div class=\"e-con-inner\">\n\t\t<div class=\"elementor-element elementor-element-34530233 e-con-full e-flex e-con e-child\" data-id=\"34530233\" data-element_type=\"container\" data-settings=\"{&quot;background_background&quot;:&quot;classic&quot;}\">\n\t\t\t\t<\/div>\n\t\t<div class=\"elementor-element elementor-element-38737bf9 e-con-full e-flex e-con e-child\" data-id=\"38737bf9\" data-element_type=\"container\">\n\t\t\t\t<div class=\"elementor-element elementor-element-4fa4a666 elementor-widget elementor-widget-heading\" data-id=\"4fa4a666\" data-element_type=\"widget\" data-widget_type=\"heading.default\">\n\t\t\t\t<div class=\"elementor-widget-container\">\n\t\t\t\t\t<h2 class=\"elementor-heading-title elementor-size-default\">Despre DDPavaje<\/h2>\t\t\t\t<\/div>\n\t\t\t\t<\/div>\n\t\t\t\t<div class=\"elementor-element elementor-element-3e691c69 elementor-widget elementor-widget-text-editor\" data-id=\"3e691c69\" data-element_type=\"widget\" data-widget_type=\"text-editor.default\">\n\t\t\t\t<div class=\"elementor-widget-container\">\n\t\t\t\t\t\t\t\t\t<p>La DD Pavaje, transform\u0103m spa\u021biile exterioare \u00een locuri pline de frumuse\u021be \u0219i func\u021bionalitate. Cu o experien\u021b\u0103 vast\u0103 \u00een domeniu, echipa noastr\u0103 dedicat\u0103 ofer\u0103 solu\u021bii complete de pavare pentru cur\u021bi, alei, parc\u0103ri \u0219i spa\u021bii comerciale. Ne m\u00e2ndrim cu materialele de calitate superioar\u0103 pe care le folosim, precum \u0219i cu aten\u021bia la detalii \u0219i personalizarea fiec\u0103rui proiect \u00een func\u021bie de nevoile clien\u021bilor no\u0219tri.<\/p>\t\t\t\t\t\t\t\t<\/div>\n\t\t\t\t<\/div>\n\t\t\t\t<div class=\"elementor-element elementor-element-177f164e elementor-mobile-align-center elementor-tablet-align-center elementor-invisible elementor-widget elementor-widget-button\" data-id=\"177f164e\" data-element_type=\"widget\" data-settings=\"{&quot;_animation&quot;:&quot;fadeIn&quot;}\" data-widget_type=\"button.default\">\n\t\t\t\t<div class=\"elementor-widget-container\">\n\t\t\t\t\t\t\t\t\t<div class=\"elementor-button-wrapper\">\n\t\t\t\t\t<a class=\"elementor-button elementor-button-link elementor-size-sm\" href=\"https:\/\/ddpavaje.ro\/index.php\/our-story\/\">\n\t\t\t\t\t\t<span class=\"elementor-button-content-wrapper\">\n\t\t\t\t\t\t\t\t\t<span class=\"elementor-button-text\">Povestea noastr\u0103<\/span>\n\t\t\t\t\t<\/span>\n\t\t\t\t\t<\/a>\n\t\t\t\t<\/div>\n\t\t\t\t\t\t\t\t<\/div>\n\t\t\t\t<\/div>\n\t\t\t\t<\/div>\n\t\t\t\t\t<\/div>\n\t\t\t\t<\/div>\n\t\t\t\t<\/div>\n\t\t","protected":false},"excerpt":{"rendered":"<p>Alei, Trotuare, Terase, Excavari Bun venit la DD Pavaje \u2013 Expertul t\u0103u \u00een amenaj\u0103ri exterioare! Contact Servicii Oferite Fie c\u0103 ave\u021bi nevoie de o amenajare rapid\u0103 sau de un proiect complex, suntem aici s\u0103 v\u0103 transform\u0103m ideile \u00een realitate. Pavaje Montaj de pavaje pentru cur\u021bi \u0219i alei Amenajari Amenaj\u0103ri exterioare pentru spa\u021bii comerciale excav\u0103ri Diverse [&hellip;]<\/p>\n","protected":false},"author":1,"featured_media":0,"parent":0,"menu_order":0,"comment_status":"closed","ping_status":"closed","template":"elementor_header_footer","meta":{"footnotes":""},"class_list":["post-134","page","type-page","status-publish","hentry"],"yoast_head":"<!-- This site is optimized with the Yoast SEO plugin v24.5 - https:\/\/yoast.com\/wordpress\/plugins\/seo\/ -->\n<title>Acasa - D&amp;D Pavaje<\/title>\n<meta name=\"robots\" content=\"index, follow, max-snippet:-1, max-image-preview:large, max-video-preview:-1\" \/>\n<link rel=\"canonical\" href=\"https:\/\/ddpavaje.ro\/\" \/>\n<meta property=\"og:locale\" content=\"ro_RO\" \/>\n<meta property=\"og:type\" content=\"article\" \/>\n<meta property=\"og:title\" content=\"Acasa - D&amp;D Pavaje\" \/>\n<meta property=\"og:description\" content=\"Alei, Trotuare, Terase, Excavari Bun venit la DD Pavaje \u2013 Expertul t\u0103u \u00een amenaj\u0103ri exterioare! Contact Servicii Oferite Fie c\u0103 ave\u021bi nevoie de o amenajare rapid\u0103 sau de un proiect complex, suntem aici s\u0103 v\u0103 transform\u0103m ideile \u00een realitate. Pavaje Montaj de pavaje pentru cur\u021bi \u0219i alei Amenajari Amenaj\u0103ri exterioare pentru spa\u021bii comerciale excav\u0103ri Diverse [&hellip;]\" \/>\n<meta property=\"og:url\" content=\"https:\/\/ddpavaje.ro\/\" \/>\n<meta property=\"og:site_name\" content=\"D&amp;D Pavaje\" \/>\n<meta property=\"article:modified_time\" content=\"2025-04-02T14:14:12+00:00\" \/>\n<meta property=\"og:image\" content=\"https:\/\/ddpavaje.ro\/wp-content\/uploads\/2024\/11\/h8.jpg\" \/>\n\t<meta property=\"og:image:width\" content=\"960\" \/>\n\t<meta property=\"og:image:height\" content=\"720\" \/>\n\t<meta property=\"og:image:type\" content=\"image\/jpeg\" \/>\n<meta name=\"twitter:card\" content=\"summary_large_image\" \/>\n<meta name=\"twitter:label1\" content=\"Timp estimat pentru citire\" \/>\n\t<meta name=\"twitter:data1\" content=\"2 minute\" \/>\n<script type=\"application\/ld+json\" class=\"yoast-schema-graph\">{\"@context\":\"https:\/\/schema.org\",\"@graph\":[{\"@type\":\"WebPage\",\"@id\":\"https:\/\/ddpavaje.ro\/\",\"url\":\"https:\/\/ddpavaje.ro\/\",\"name\":\"Acasa - D&amp;D Pavaje\",\"isPartOf\":{\"@id\":\"https:\/\/ddpavaje.ro\/#website\"},\"primaryImageOfPage\":{\"@id\":\"https:\/\/ddpavaje.ro\/#primaryimage\"},\"image\":{\"@id\":\"https:\/\/ddpavaje.ro\/#primaryimage\"},\"thumbnailUrl\":\"https:\/\/ddpavaje.ro\/wp-content\/uploads\/2024\/11\/h8.jpg\",\"datePublished\":\"2024-10-30T13:49:06+00:00\",\"dateModified\":\"2025-04-02T14:14:12+00:00\",\"breadcrumb\":{\"@id\":\"https:\/\/ddpavaje.ro\/#breadcrumb\"},\"inLanguage\":\"ro-RO\",\"potentialAction\":[{\"@type\":\"ReadAction\",\"target\":[\"https:\/\/ddpavaje.ro\/\"]}]},{\"@type\":\"ImageObject\",\"inLanguage\":\"ro-RO\",\"@id\":\"https:\/\/ddpavaje.ro\/#primaryimage\",\"url\":\"https:\/\/ddpavaje.ro\/wp-content\/uploads\/2024\/11\/h8.jpg\",\"contentUrl\":\"https:\/\/ddpavaje.ro\/wp-content\/uploads\/2024\/11\/h8.jpg\",\"width\":960,\"height\":720},{\"@type\":\"BreadcrumbList\",\"@id\":\"https:\/\/ddpavaje.ro\/#breadcrumb\",\"itemListElement\":[{\"@type\":\"ListItem\",\"position\":1,\"name\":\"Prima pagin\u0103\",\"item\":\"https:\/\/ddpavaje.ro\/\"},{\"@type\":\"ListItem\",\"position\":2,\"name\":\"Acasa\"}]},{\"@type\":\"WebSite\",\"@id\":\"https:\/\/ddpavaje.ro\/#website\",\"url\":\"https:\/\/ddpavaje.ro\/\",\"name\":\"D&amp;D Pavaje\",\"description\":\"Pavaje Borduri Alei\",\"publisher\":{\"@id\":\"https:\/\/ddpavaje.ro\/#organization\"},\"potentialAction\":[{\"@type\":\"SearchAction\",\"target\":{\"@type\":\"EntryPoint\",\"urlTemplate\":\"https:\/\/ddpavaje.ro\/?s={search_term_string}\"},\"query-input\":{\"@type\":\"PropertyValueSpecification\",\"valueRequired\":true,\"valueName\":\"search_term_string\"}}],\"inLanguage\":\"ro-RO\"},{\"@type\":\"Organization\",\"@id\":\"https:\/\/ddpavaje.ro\/#organization\",\"name\":\"D&amp;D Pavaje\",\"url\":\"https:\/\/ddpavaje.ro\/\",\"logo\":{\"@type\":\"ImageObject\",\"inLanguage\":\"ro-RO\",\"@id\":\"https:\/\/ddpavaje.ro\/#\/schema\/logo\/image\/\",\"url\":\"https:\/\/ddpavaje.ro\/wp-content\/uploads\/2024\/10\/cropped-logo1.png\",\"contentUrl\":\"https:\/\/ddpavaje.ro\/wp-content\/uploads\/2024\/10\/cropped-logo1.png\",\"width\":377,\"height\":70,\"caption\":\"D&amp;D Pavaje\"},\"image\":{\"@id\":\"https:\/\/ddpavaje.ro\/#\/schema\/logo\/image\/\"}}]}<\/script>\n<!-- \/ Yoast SEO plugin. -->","yoast_head_json":{"title":"Acasa - D&amp;D Pavaje","robots":{"index":"index","follow":"follow","max-snippet":"max-snippet:-1","max-image-preview":"max-image-preview:large","max-video-preview":"max-video-preview:-1"},"canonical":"https:\/\/ddpavaje.ro\/","og_locale":"ro_RO","og_type":"article","og_title":"Acasa - D&amp;D Pavaje","og_description":"Alei, Trotuare, Terase, Excavari Bun venit la DD Pavaje \u2013 Expertul t\u0103u \u00een amenaj\u0103ri exterioare! Contact Servicii Oferite Fie c\u0103 ave\u021bi nevoie de o amenajare rapid\u0103 sau de un proiect complex, suntem aici s\u0103 v\u0103 transform\u0103m ideile \u00een realitate. Pavaje Montaj de pavaje pentru cur\u021bi \u0219i alei Amenajari Amenaj\u0103ri exterioare pentru spa\u021bii comerciale excav\u0103ri Diverse [&hellip;]","og_url":"https:\/\/ddpavaje.ro\/","og_site_name":"D&amp;D Pavaje","article_modified_time":"2025-04-02T14:14:12+00:00","og_image":[{"width":960,"height":720,"url":"https:\/\/ddpavaje.ro\/wp-content\/uploads\/2024\/11\/h8.jpg","type":"image\/jpeg"}],"twitter_card":"summary_large_image","twitter_misc":{"Timp estimat pentru citire":"2 minute"},"schema":{"@context":"https:\/\/schema.org","@graph":[{"@type":"WebPage","@id":"https:\/\/ddpavaje.ro\/","url":"https:\/\/ddpavaje.ro\/","name":"Acasa - D&amp;D Pavaje","isPartOf":{"@id":"https:\/\/ddpavaje.ro\/#website"},"primaryImageOfPage":{"@id":"https:\/\/ddpavaje.ro\/#primaryimage"},"image":{"@id":"https:\/\/ddpavaje.ro\/#primaryimage"},"thumbnailUrl":"https:\/\/ddpavaje.ro\/wp-content\/uploads\/2024\/11\/h8.jpg","datePublished":"2024-10-30T13:49:06+00:00","dateModified":"2025-04-02T14:14:12+00:00","breadcrumb":{"@id":"https:\/\/ddpavaje.ro\/#breadcrumb"},"inLanguage":"ro-RO","potentialAction":[{"@type":"ReadAction","target":["https:\/\/ddpavaje.ro\/"]}]},{"@type":"ImageObject","inLanguage":"ro-RO","@id":"https:\/\/ddpavaje.ro\/#primaryimage","url":"https:\/\/ddpavaje.ro\/wp-content\/uploads\/2024\/11\/h8.jpg","contentUrl":"https:\/\/ddpavaje.ro\/wp-content\/uploads\/2024\/11\/h8.jpg","width":960,"height":720},{"@type":"BreadcrumbList","@id":"https:\/\/ddpavaje.ro\/#breadcrumb","itemListElement":[{"@type":"ListItem","position":1,"name":"Prima pagin\u0103","item":"https:\/\/ddpavaje.ro\/"},{"@type":"ListItem","position":2,"name":"Acasa"}]},{"@type":"WebSite","@id":"https:\/\/ddpavaje.ro\/#website","url":"https:\/\/ddpavaje.ro\/","name":"D&amp;D Pavaje","description":"Pavaje Borduri Alei","publisher":{"@id":"https:\/\/ddpavaje.ro\/#organization"},"potentialAction":[{"@type":"SearchAction","target":{"@type":"EntryPoint","urlTemplate":"https:\/\/ddpavaje.ro\/?s={search_term_string}"},"query-input":{"@type":"PropertyValueSpecification","valueRequired":true,"valueName":"search_term_string"}}],"inLanguage":"ro-RO"},{"@type":"Organization","@id":"https:\/\/ddpavaje.ro\/#organization","name":"D&amp;D Pavaje","url":"https:\/\/ddpavaje.ro\/","logo":{"@type":"ImageObject","inLanguage":"ro-RO","@id":"https:\/\/ddpavaje.ro\/#\/schema\/logo\/image\/","url":"https:\/\/ddpavaje.ro\/wp-content\/uploads\/2024\/10\/cropped-logo1.png","contentUrl":"https:\/\/ddpavaje.ro\/wp-content\/uploads\/2024\/10\/cropped-logo1.png","width":377,"height":70,"caption":"D&amp;D Pavaje"},"image":{"@id":"https:\/\/ddpavaje.ro\/#\/schema\/logo\/image\/"}}]}},"jetpack_sharing_enabled":true,"_links":{"self":[{"href":"https:\/\/ddpavaje.ro\/index.php\/wp-json\/wp\/v2\/pages\/134","targetHints":{"allow":["GET"]}}],"collection":[{"href":"https:\/\/ddpavaje.ro\/index.php\/wp-json\/wp\/v2\/pages"}],"about":[{"href":"https:\/\/ddpavaje.ro\/index.php\/wp-json\/wp\/v2\/types\/page"}],"author":[{"embeddable":true,"href":"https:\/\/ddpavaje.ro\/index.php\/wp-json\/wp\/v2\/users\/1"}],"replies":[{"embeddable":true,"href":"https:\/\/ddpavaje.ro\/index.php\/wp-json\/wp\/v2\/comments?post=134"}],"version-history":[{"count":50,"href":"https:\/\/ddpavaje.ro\/index.php\/wp-json\/wp\/v2\/pages\/134\/revisions"}],"predecessor-version":[{"id":603,"href":"https:\/\/ddpavaje.ro\/index.php\/wp-json\/wp\/v2\/pages\/134\/revisions\/603"}],"wp:attachment":[{"href":"https:\/\/ddpavaje.ro\/index.php\/wp-json\/wp\/v2\/media?parent=134"}],"curies":[{"name":"wp","href":"https:\/\/api.w.org\/{rel}","templated":true}]}}