{"id":561,"date":"2025-03-31T20:19:29","date_gmt":"2025-03-31T20:19:29","guid":{"rendered":"https:\/\/ddpavaje.ro\/?post_type=product&#038;p=561"},"modified":"2025-03-31T20:19:29","modified_gmt":"2025-03-31T20:19:29","slug":"balast-compactabil","status":"publish","type":"product","link":"https:\/\/ddpavaje.ro\/index.php\/produs\/balast-compactabil\/","title":{"rendered":"Balast compactabil"},"content":{"rendered":"<p>Balastul compactabil este un material granular utilizat \u00een lucr\u0103rile de construc\u021bii \u0219i infrastructur\u0103 pentru stabilizarea \u0219i nivelarea terenului. Este compus dintr-un amestec de pietri\u0219, nisip \u0219i particule fine, av\u00e2nd o granula\u021bie variabil\u0103, adaptat\u0103 pentru compactare optim\u0103.<\/p>\n<p>Caracteristici:<br \/>\nGranula\u021bie: 0-63 mm<\/p>\n<p>Densitate ridicat\u0103: Asigur\u0103 o compactare excelent\u0103<\/p>\n<p>Stabilitate mecanic\u0103: Ideal pentru funda\u021bii, terasamente \u0219i drumuri<\/p>\n<p>Bun\u0103 drenabilitate: Reduce acumularea apei \u0219i previne deform\u0103rile<\/p>\n<p>Utilizare:<br \/>\n\u2705 Strat de baz\u0103 pentru drumuri, alei \u0219i parc\u0103ri<br \/>\n\u2705 Umpluturi pentru funda\u021bii \u0219i terasamente<br \/>\n\u2705 Stabilizarea \u0219i nivelarea terenurilor \u00eenainte de asfaltare sau pavare<br \/>\n\u2705 Construc\u021bii civile \u0219i industriale<\/p>\n","protected":false},"excerpt":{"rendered":"<p>Cantitate minima 1 mc. Se poate asigura livrare.<\/p>\n","protected":false},"featured_media":563,"comment_status":"open","ping_status":"closed","template":"","meta":[],"product_brand":[],"product_cat":[48],"product_tag":[],"class_list":{"0":"post-561","1":"product","2":"type-product","3":"status-publish","4":"has-post-thumbnail","6":"product_cat-agregate","8":"first","9":"instock","10":"shipping-taxable","11":"purchasable","12":"product-type-simple"},"yoast_head":"<!-- This site is optimized with the Yoast SEO plugin v24.5 - https:\/\/yoast.com\/wordpress\/plugins\/seo\/ -->\n<title>Balast compactabil - D&amp;D Pavaje<\/title>\n<meta name=\"robots\" content=\"index, follow, max-snippet:-1, max-image-preview:large, max-video-preview:-1\" \/>\n<link rel=\"canonical\" href=\"https:\/\/ddpavaje.ro\/index.php\/produs\/balast-compactabil\/\" \/>\n<meta property=\"og:locale\" content=\"ro_RO\" \/>\n<meta property=\"og:type\" content=\"article\" \/>\n<meta property=\"og:title\" content=\"Balast compactabil - D&amp;D Pavaje\" \/>\n<meta property=\"og:description\" content=\"Cantitate minima 1 mc. Se poate asigura livrare.\" \/>\n<meta property=\"og:url\" content=\"https:\/\/ddpavaje.ro\/index.php\/produs\/balast-compactabil\/\" \/>\n<meta property=\"og:site_name\" content=\"D&amp;D Pavaje\" \/>\n<meta property=\"og:image\" content=\"https:\/\/ddpavaje.ro\/wp-content\/uploads\/2025\/03\/agregate_balast.jpg\" \/>\n\t<meta property=\"og:image:width\" content=\"960\" \/>\n\t<meta property=\"og:image:height\" content=\"720\" \/>\n\t<meta property=\"og:image:type\" content=\"image\/jpeg\" \/>\n<meta name=\"twitter:card\" content=\"summary_large_image\" \/>\n<meta name=\"twitter:label1\" content=\"Timp estimat pentru citire\" \/>\n\t<meta name=\"twitter:data1\" content=\"1 minut\" \/>\n<script type=\"application\/ld+json\" class=\"yoast-schema-graph\">{\"@context\":\"https:\/\/schema.org\",\"@graph\":[{\"@type\":\"WebPage\",\"@id\":\"https:\/\/ddpavaje.ro\/index.php\/produs\/balast-compactabil\/\",\"url\":\"https:\/\/ddpavaje.ro\/index.php\/produs\/balast-compactabil\/\",\"name\":\"Balast compactabil - D&amp;D Pavaje\",\"isPartOf\":{\"@id\":\"https:\/\/ddpavaje.ro\/#website\"},\"primaryImageOfPage\":{\"@id\":\"https:\/\/ddpavaje.ro\/index.php\/produs\/balast-compactabil\/#primaryimage\"},\"image\":{\"@id\":\"https:\/\/ddpavaje.ro\/index.php\/produs\/balast-compactabil\/#primaryimage\"},\"thumbnailUrl\":\"https:\/\/ddpavaje.ro\/wp-content\/uploads\/2025\/03\/agregate_balast.jpg\",\"datePublished\":\"2025-03-31T20:19:29+00:00\",\"breadcrumb\":{\"@id\":\"https:\/\/ddpavaje.ro\/index.php\/produs\/balast-compactabil\/#breadcrumb\"},\"inLanguage\":\"ro-RO\",\"potentialAction\":[{\"@type\":\"ReadAction\",\"target\":[\"https:\/\/ddpavaje.ro\/index.php\/produs\/balast-compactabil\/\"]}]},{\"@type\":\"ImageObject\",\"inLanguage\":\"ro-RO\",\"@id\":\"https:\/\/ddpavaje.ro\/index.php\/produs\/balast-compactabil\/#primaryimage\",\"url\":\"https:\/\/ddpavaje.ro\/wp-content\/uploads\/2025\/03\/agregate_balast.jpg\",\"contentUrl\":\"https:\/\/ddpavaje.ro\/wp-content\/uploads\/2025\/03\/agregate_balast.jpg\",\"width\":960,\"height\":720},{\"@type\":\"BreadcrumbList\",\"@id\":\"https:\/\/ddpavaje.ro\/index.php\/produs\/balast-compactabil\/#breadcrumb\",\"itemListElement\":[{\"@type\":\"ListItem\",\"position\":1,\"name\":\"Prima pagin\u0103\",\"item\":\"https:\/\/ddpavaje.ro\/\"},{\"@type\":\"ListItem\",\"position\":2,\"name\":\"Balast compactabil\"}]},{\"@type\":\"WebSite\",\"@id\":\"https:\/\/ddpavaje.ro\/#website\",\"url\":\"https:\/\/ddpavaje.ro\/\",\"name\":\"D&amp;D Pavaje\",\"description\":\"Pavaje Borduri Alei\",\"publisher\":{\"@id\":\"https:\/\/ddpavaje.ro\/#organization\"},\"potentialAction\":[{\"@type\":\"SearchAction\",\"target\":{\"@type\":\"EntryPoint\",\"urlTemplate\":\"https:\/\/ddpavaje.ro\/?s={search_term_string}\"},\"query-input\":{\"@type\":\"PropertyValueSpecification\",\"valueRequired\":true,\"valueName\":\"search_term_string\"}}],\"inLanguage\":\"ro-RO\"},{\"@type\":\"Organization\",\"@id\":\"https:\/\/ddpavaje.ro\/#organization\",\"name\":\"D&amp;D Pavaje\",\"url\":\"https:\/\/ddpavaje.ro\/\",\"logo\":{\"@type\":\"ImageObject\",\"inLanguage\":\"ro-RO\",\"@id\":\"https:\/\/ddpavaje.ro\/#\/schema\/logo\/image\/\",\"url\":\"https:\/\/ddpavaje.ro\/wp-content\/uploads\/2024\/10\/cropped-logo1.png\",\"contentUrl\":\"https:\/\/ddpavaje.ro\/wp-content\/uploads\/2024\/10\/cropped-logo1.png\",\"width\":377,\"height\":70,\"caption\":\"D&amp;D Pavaje\"},\"image\":{\"@id\":\"https:\/\/ddpavaje.ro\/#\/schema\/logo\/image\/\"}}]}<\/script>\n<!-- \/ Yoast SEO plugin. -->","yoast_head_json":{"title":"Balast compactabil - D&amp;D Pavaje","robots":{"index":"index","follow":"follow","max-snippet":"max-snippet:-1","max-image-preview":"max-image-preview:large","max-video-preview":"max-video-preview:-1"},"canonical":"https:\/\/ddpavaje.ro\/index.php\/produs\/balast-compactabil\/","og_locale":"ro_RO","og_type":"article","og_title":"Balast compactabil - D&amp;D Pavaje","og_description":"Cantitate minima 1 mc. Se poate asigura livrare.","og_url":"https:\/\/ddpavaje.ro\/index.php\/produs\/balast-compactabil\/","og_site_name":"D&amp;D Pavaje","og_image":[{"width":960,"height":720,"url":"https:\/\/ddpavaje.ro\/wp-content\/uploads\/2025\/03\/agregate_balast.jpg","type":"image\/jpeg"}],"twitter_card":"summary_large_image","twitter_misc":{"Timp estimat pentru citire":"1 minut"},"schema":{"@context":"https:\/\/schema.org","@graph":[{"@type":"WebPage","@id":"https:\/\/ddpavaje.ro\/index.php\/produs\/balast-compactabil\/","url":"https:\/\/ddpavaje.ro\/index.php\/produs\/balast-compactabil\/","name":"Balast compactabil - D&amp;D Pavaje","isPartOf":{"@id":"https:\/\/ddpavaje.ro\/#website"},"primaryImageOfPage":{"@id":"https:\/\/ddpavaje.ro\/index.php\/produs\/balast-compactabil\/#primaryimage"},"image":{"@id":"https:\/\/ddpavaje.ro\/index.php\/produs\/balast-compactabil\/#primaryimage"},"thumbnailUrl":"https:\/\/ddpavaje.ro\/wp-content\/uploads\/2025\/03\/agregate_balast.jpg","datePublished":"2025-03-31T20:19:29+00:00","breadcrumb":{"@id":"https:\/\/ddpavaje.ro\/index.php\/produs\/balast-compactabil\/#breadcrumb"},"inLanguage":"ro-RO","potentialAction":[{"@type":"ReadAction","target":["https:\/\/ddpavaje.ro\/index.php\/produs\/balast-compactabil\/"]}]},{"@type":"ImageObject","inLanguage":"ro-RO","@id":"https:\/\/ddpavaje.ro\/index.php\/produs\/balast-compactabil\/#primaryimage","url":"https:\/\/ddpavaje.ro\/wp-content\/uploads\/2025\/03\/agregate_balast.jpg","contentUrl":"https:\/\/ddpavaje.ro\/wp-content\/uploads\/2025\/03\/agregate_balast.jpg","width":960,"height":720},{"@type":"BreadcrumbList","@id":"https:\/\/ddpavaje.ro\/index.php\/produs\/balast-compactabil\/#breadcrumb","itemListElement":[{"@type":"ListItem","position":1,"name":"Prima pagin\u0103","item":"https:\/\/ddpavaje.ro\/"},{"@type":"ListItem","position":2,"name":"Balast compactabil"}]},{"@type":"WebSite","@id":"https:\/\/ddpavaje.ro\/#website","url":"https:\/\/ddpavaje.ro\/","name":"D&amp;D Pavaje","description":"Pavaje Borduri Alei","publisher":{"@id":"https:\/\/ddpavaje.ro\/#organization"},"potentialAction":[{"@type":"SearchAction","target":{"@type":"EntryPoint","urlTemplate":"https:\/\/ddpavaje.ro\/?s={search_term_string}"},"query-input":{"@type":"PropertyValueSpecification","valueRequired":true,"valueName":"search_term_string"}}],"inLanguage":"ro-RO"},{"@type":"Organization","@id":"https:\/\/ddpavaje.ro\/#organization","name":"D&amp;D Pavaje","url":"https:\/\/ddpavaje.ro\/","logo":{"@type":"ImageObject","inLanguage":"ro-RO","@id":"https:\/\/ddpavaje.ro\/#\/schema\/logo\/image\/","url":"https:\/\/ddpavaje.ro\/wp-content\/uploads\/2024\/10\/cropped-logo1.png","contentUrl":"https:\/\/ddpavaje.ro\/wp-content\/uploads\/2024\/10\/cropped-logo1.png","width":377,"height":70,"caption":"D&amp;D Pavaje"},"image":{"@id":"https:\/\/ddpavaje.ro\/#\/schema\/logo\/image\/"}}]}},"jetpack_sharing_enabled":true,"_links":{"self":[{"href":"https:\/\/ddpavaje.ro\/index.php\/wp-json\/wp\/v2\/product\/561","targetHints":{"allow":["GET"]}}],"collection":[{"href":"https:\/\/ddpavaje.ro\/index.php\/wp-json\/wp\/v2\/product"}],"about":[{"href":"https:\/\/ddpavaje.ro\/index.php\/wp-json\/wp\/v2\/types\/product"}],"replies":[{"embeddable":true,"href":"https:\/\/ddpavaje.ro\/index.php\/wp-json\/wp\/v2\/comments?post=561"}],"wp:featuredmedia":[{"embeddable":true,"href":"https:\/\/ddpavaje.ro\/index.php\/wp-json\/wp\/v2\/media\/563"}],"wp:attachment":[{"href":"https:\/\/ddpavaje.ro\/index.php\/wp-json\/wp\/v2\/media?parent=561"}],"wp:term":[{"taxonomy":"product_brand","embeddable":true,"href":"https:\/\/ddpavaje.ro\/index.php\/wp-json\/wp\/v2\/product_brand?post=561"},{"taxonomy":"product_cat","embeddable":true,"href":"https:\/\/ddpavaje.ro\/index.php\/wp-json\/wp\/v2\/product_cat?post=561"},{"taxonomy":"product_tag","embeddable":true,"href":"https:\/\/ddpavaje.ro\/index.php\/wp-json\/wp\/v2\/product_tag?post=561"}],"curies":[{"name":"wp","href":"https:\/\/api.w.org\/{rel}","templated":true}]}}