{"id":574,"date":"2025-03-31T20:41:36","date_gmt":"2025-03-31T20:41:36","guid":{"rendered":"https:\/\/ddpavaje.ro\/?post_type=product&#038;p=574"},"modified":"2025-04-02T13:59:05","modified_gmt":"2025-04-02T13:59:05","slug":"pietris-constructii-16-32-mm","status":"publish","type":"product","link":"https:\/\/ddpavaje.ro\/index.php\/produs\/pietris-constructii-16-32-mm\/","title":{"rendered":"Pietris constructii 16-32 mm"},"content":{"rendered":"<p>Pietri\u0219ul pentru construc\u021bii este un material granular ob\u021binut prin concasarea rocilor naturale, utilizat \u00een diverse lucr\u0103ri de infrastructur\u0103, construc\u021bii \u0219i amenaj\u0103ri. Este disponibil \u00een diferite frac\u021bii, \u00een func\u021bie de necesit\u0103\u021bile proiectului.<\/p>\n<p>Caracteristici:<br \/>\nGranula\u021bie: 4-8 mm, 8-16 mm, <strong>16-32 mm<\/strong>, 32-63 mm (alte dimensiuni disponibile la cerere)<\/p>\n<p>Densitate ridicat\u0103: Asigur\u0103 stabilitate \u0219i rezisten\u021b\u0103<\/p>\n<p>Bun\u0103 drenabilitate: Reduce acumularea apei<\/p>\n<p>Rezisten\u021b\u0103 mecanic\u0103: Potrivit pentru funda\u021bii, betoane \u0219i infrastructur\u0103 rutier\u0103<\/p>\n<p>Utilizare:<br \/>\n\u2705 Construc\u021bii: Beton, funda\u021bii, zid\u0103rii<br \/>\n\u2705 Drumuri \u0219i infrastructur\u0103: Strat suport pentru drumuri \u0219i c\u0103i de acces<br \/>\n\u2705 Amenaj\u0103ri exterioare: Pavaje, alei, drenaje<br \/>\n\u2705 Sisteme de drenaj: Prevenirea acumul\u0103rii apei \u00een terenuri umede<\/p>\n","protected":false},"excerpt":{"rendered":"<p>Comanda minima 1 mc. Se poate asigura transport.<\/p>\n","protected":false},"featured_media":581,"comment_status":"open","ping_status":"closed","template":"","meta":[],"product_brand":[],"product_cat":[48],"product_tag":[],"class_list":{"0":"post-574","1":"product","2":"type-product","3":"status-publish","4":"has-post-thumbnail","6":"product_cat-agregate","8":"first","9":"instock","10":"shipping-taxable","11":"purchasable","12":"product-type-simple"},"yoast_head":"<!-- This site is optimized with the Yoast SEO plugin v24.5 - https:\/\/yoast.com\/wordpress\/plugins\/seo\/ -->\n<title>Pietris constructii 16-32 mm - D&amp;D Pavaje<\/title>\n<meta name=\"robots\" content=\"index, follow, max-snippet:-1, max-image-preview:large, max-video-preview:-1\" \/>\n<link rel=\"canonical\" href=\"https:\/\/ddpavaje.ro\/index.php\/produs\/pietris-constructii-16-32-mm\/\" \/>\n<meta property=\"og:locale\" content=\"ro_RO\" \/>\n<meta property=\"og:type\" content=\"article\" \/>\n<meta property=\"og:title\" content=\"Pietris constructii 16-32 mm - D&amp;D Pavaje\" \/>\n<meta property=\"og:description\" content=\"Comanda minima 1 mc. Se poate asigura transport.\" \/>\n<meta property=\"og:url\" content=\"https:\/\/ddpavaje.ro\/index.php\/produs\/pietris-constructii-16-32-mm\/\" \/>\n<meta property=\"og:site_name\" content=\"D&amp;D Pavaje\" \/>\n<meta property=\"article:modified_time\" content=\"2025-04-02T13:59:05+00:00\" \/>\n<meta property=\"og:image\" content=\"https:\/\/ddpavaje.ro\/wp-content\/uploads\/2025\/03\/piatranaturala.jpg\" \/>\n\t<meta property=\"og:image:width\" content=\"960\" \/>\n\t<meta property=\"og:image:height\" content=\"720\" \/>\n\t<meta property=\"og:image:type\" content=\"image\/jpeg\" \/>\n<meta name=\"twitter:card\" content=\"summary_large_image\" \/>\n<meta name=\"twitter:label1\" content=\"Timp estimat pentru citire\" \/>\n\t<meta name=\"twitter:data1\" content=\"1 minut\" \/>\n<script type=\"application\/ld+json\" class=\"yoast-schema-graph\">{\"@context\":\"https:\/\/schema.org\",\"@graph\":[{\"@type\":\"WebPage\",\"@id\":\"https:\/\/ddpavaje.ro\/index.php\/produs\/pietris-constructii-16-32-mm\/\",\"url\":\"https:\/\/ddpavaje.ro\/index.php\/produs\/pietris-constructii-16-32-mm\/\",\"name\":\"Pietris constructii 16-32 mm - D&amp;D Pavaje\",\"isPartOf\":{\"@id\":\"https:\/\/ddpavaje.ro\/#website\"},\"primaryImageOfPage\":{\"@id\":\"https:\/\/ddpavaje.ro\/index.php\/produs\/pietris-constructii-16-32-mm\/#primaryimage\"},\"image\":{\"@id\":\"https:\/\/ddpavaje.ro\/index.php\/produs\/pietris-constructii-16-32-mm\/#primaryimage\"},\"thumbnailUrl\":\"https:\/\/ddpavaje.ro\/wp-content\/uploads\/2025\/03\/piatranaturala.jpg\",\"datePublished\":\"2025-03-31T20:41:36+00:00\",\"dateModified\":\"2025-04-02T13:59:05+00:00\",\"breadcrumb\":{\"@id\":\"https:\/\/ddpavaje.ro\/index.php\/produs\/pietris-constructii-16-32-mm\/#breadcrumb\"},\"inLanguage\":\"ro-RO\",\"potentialAction\":[{\"@type\":\"ReadAction\",\"target\":[\"https:\/\/ddpavaje.ro\/index.php\/produs\/pietris-constructii-16-32-mm\/\"]}]},{\"@type\":\"ImageObject\",\"inLanguage\":\"ro-RO\",\"@id\":\"https:\/\/ddpavaje.ro\/index.php\/produs\/pietris-constructii-16-32-mm\/#primaryimage\",\"url\":\"https:\/\/ddpavaje.ro\/wp-content\/uploads\/2025\/03\/piatranaturala.jpg\",\"contentUrl\":\"https:\/\/ddpavaje.ro\/wp-content\/uploads\/2025\/03\/piatranaturala.jpg\",\"width\":960,\"height\":720},{\"@type\":\"BreadcrumbList\",\"@id\":\"https:\/\/ddpavaje.ro\/index.php\/produs\/pietris-constructii-16-32-mm\/#breadcrumb\",\"itemListElement\":[{\"@type\":\"ListItem\",\"position\":1,\"name\":\"Prima pagin\u0103\",\"item\":\"https:\/\/ddpavaje.ro\/\"},{\"@type\":\"ListItem\",\"position\":2,\"name\":\"Pietris constructii 16-32 mm\"}]},{\"@type\":\"WebSite\",\"@id\":\"https:\/\/ddpavaje.ro\/#website\",\"url\":\"https:\/\/ddpavaje.ro\/\",\"name\":\"D&amp;D Pavaje\",\"description\":\"Pavaje Borduri Alei\",\"publisher\":{\"@id\":\"https:\/\/ddpavaje.ro\/#organization\"},\"potentialAction\":[{\"@type\":\"SearchAction\",\"target\":{\"@type\":\"EntryPoint\",\"urlTemplate\":\"https:\/\/ddpavaje.ro\/?s={search_term_string}\"},\"query-input\":{\"@type\":\"PropertyValueSpecification\",\"valueRequired\":true,\"valueName\":\"search_term_string\"}}],\"inLanguage\":\"ro-RO\"},{\"@type\":\"Organization\",\"@id\":\"https:\/\/ddpavaje.ro\/#organization\",\"name\":\"D&amp;D Pavaje\",\"url\":\"https:\/\/ddpavaje.ro\/\",\"logo\":{\"@type\":\"ImageObject\",\"inLanguage\":\"ro-RO\",\"@id\":\"https:\/\/ddpavaje.ro\/#\/schema\/logo\/image\/\",\"url\":\"https:\/\/ddpavaje.ro\/wp-content\/uploads\/2024\/10\/cropped-logo1.png\",\"contentUrl\":\"https:\/\/ddpavaje.ro\/wp-content\/uploads\/2024\/10\/cropped-logo1.png\",\"width\":377,\"height\":70,\"caption\":\"D&amp;D Pavaje\"},\"image\":{\"@id\":\"https:\/\/ddpavaje.ro\/#\/schema\/logo\/image\/\"}}]}<\/script>\n<!-- \/ Yoast SEO plugin. -->","yoast_head_json":{"title":"Pietris constructii 16-32 mm - D&amp;D Pavaje","robots":{"index":"index","follow":"follow","max-snippet":"max-snippet:-1","max-image-preview":"max-image-preview:large","max-video-preview":"max-video-preview:-1"},"canonical":"https:\/\/ddpavaje.ro\/index.php\/produs\/pietris-constructii-16-32-mm\/","og_locale":"ro_RO","og_type":"article","og_title":"Pietris constructii 16-32 mm - D&amp;D Pavaje","og_description":"Comanda minima 1 mc. Se poate asigura transport.","og_url":"https:\/\/ddpavaje.ro\/index.php\/produs\/pietris-constructii-16-32-mm\/","og_site_name":"D&amp;D Pavaje","article_modified_time":"2025-04-02T13:59:05+00:00","og_image":[{"width":960,"height":720,"url":"https:\/\/ddpavaje.ro\/wp-content\/uploads\/2025\/03\/piatranaturala.jpg","type":"image\/jpeg"}],"twitter_card":"summary_large_image","twitter_misc":{"Timp estimat pentru citire":"1 minut"},"schema":{"@context":"https:\/\/schema.org","@graph":[{"@type":"WebPage","@id":"https:\/\/ddpavaje.ro\/index.php\/produs\/pietris-constructii-16-32-mm\/","url":"https:\/\/ddpavaje.ro\/index.php\/produs\/pietris-constructii-16-32-mm\/","name":"Pietris constructii 16-32 mm - D&amp;D Pavaje","isPartOf":{"@id":"https:\/\/ddpavaje.ro\/#website"},"primaryImageOfPage":{"@id":"https:\/\/ddpavaje.ro\/index.php\/produs\/pietris-constructii-16-32-mm\/#primaryimage"},"image":{"@id":"https:\/\/ddpavaje.ro\/index.php\/produs\/pietris-constructii-16-32-mm\/#primaryimage"},"thumbnailUrl":"https:\/\/ddpavaje.ro\/wp-content\/uploads\/2025\/03\/piatranaturala.jpg","datePublished":"2025-03-31T20:41:36+00:00","dateModified":"2025-04-02T13:59:05+00:00","breadcrumb":{"@id":"https:\/\/ddpavaje.ro\/index.php\/produs\/pietris-constructii-16-32-mm\/#breadcrumb"},"inLanguage":"ro-RO","potentialAction":[{"@type":"ReadAction","target":["https:\/\/ddpavaje.ro\/index.php\/produs\/pietris-constructii-16-32-mm\/"]}]},{"@type":"ImageObject","inLanguage":"ro-RO","@id":"https:\/\/ddpavaje.ro\/index.php\/produs\/pietris-constructii-16-32-mm\/#primaryimage","url":"https:\/\/ddpavaje.ro\/wp-content\/uploads\/2025\/03\/piatranaturala.jpg","contentUrl":"https:\/\/ddpavaje.ro\/wp-content\/uploads\/2025\/03\/piatranaturala.jpg","width":960,"height":720},{"@type":"BreadcrumbList","@id":"https:\/\/ddpavaje.ro\/index.php\/produs\/pietris-constructii-16-32-mm\/#breadcrumb","itemListElement":[{"@type":"ListItem","position":1,"name":"Prima pagin\u0103","item":"https:\/\/ddpavaje.ro\/"},{"@type":"ListItem","position":2,"name":"Pietris constructii 16-32 mm"}]},{"@type":"WebSite","@id":"https:\/\/ddpavaje.ro\/#website","url":"https:\/\/ddpavaje.ro\/","name":"D&amp;D Pavaje","description":"Pavaje Borduri Alei","publisher":{"@id":"https:\/\/ddpavaje.ro\/#organization"},"potentialAction":[{"@type":"SearchAction","target":{"@type":"EntryPoint","urlTemplate":"https:\/\/ddpavaje.ro\/?s={search_term_string}"},"query-input":{"@type":"PropertyValueSpecification","valueRequired":true,"valueName":"search_term_string"}}],"inLanguage":"ro-RO"},{"@type":"Organization","@id":"https:\/\/ddpavaje.ro\/#organization","name":"D&amp;D Pavaje","url":"https:\/\/ddpavaje.ro\/","logo":{"@type":"ImageObject","inLanguage":"ro-RO","@id":"https:\/\/ddpavaje.ro\/#\/schema\/logo\/image\/","url":"https:\/\/ddpavaje.ro\/wp-content\/uploads\/2024\/10\/cropped-logo1.png","contentUrl":"https:\/\/ddpavaje.ro\/wp-content\/uploads\/2024\/10\/cropped-logo1.png","width":377,"height":70,"caption":"D&amp;D Pavaje"},"image":{"@id":"https:\/\/ddpavaje.ro\/#\/schema\/logo\/image\/"}}]}},"jetpack_sharing_enabled":true,"_links":{"self":[{"href":"https:\/\/ddpavaje.ro\/index.php\/wp-json\/wp\/v2\/product\/574","targetHints":{"allow":["GET"]}}],"collection":[{"href":"https:\/\/ddpavaje.ro\/index.php\/wp-json\/wp\/v2\/product"}],"about":[{"href":"https:\/\/ddpavaje.ro\/index.php\/wp-json\/wp\/v2\/types\/product"}],"replies":[{"embeddable":true,"href":"https:\/\/ddpavaje.ro\/index.php\/wp-json\/wp\/v2\/comments?post=574"}],"wp:featuredmedia":[{"embeddable":true,"href":"https:\/\/ddpavaje.ro\/index.php\/wp-json\/wp\/v2\/media\/581"}],"wp:attachment":[{"href":"https:\/\/ddpavaje.ro\/index.php\/wp-json\/wp\/v2\/media?parent=574"}],"wp:term":[{"taxonomy":"product_brand","embeddable":true,"href":"https:\/\/ddpavaje.ro\/index.php\/wp-json\/wp\/v2\/product_brand?post=574"},{"taxonomy":"product_cat","embeddable":true,"href":"https:\/\/ddpavaje.ro\/index.php\/wp-json\/wp\/v2\/product_cat?post=574"},{"taxonomy":"product_tag","embeddable":true,"href":"https:\/\/ddpavaje.ro\/index.php\/wp-json\/wp\/v2\/product_tag?post=574"}],"curies":[{"name":"wp","href":"https:\/\/api.w.org\/{rel}","templated":true}]}}